{"id":1326,"date":"2022-02-24T05:04:17","date_gmt":"2022-02-24T05:04:17","guid":{"rendered":"http:\/\/brancheenature.fr\/?page_id=1326"},"modified":"2026-02-17T11:46:10","modified_gmt":"2026-02-17T11:46:10","slug":"services","status":"publish","type":"page","link":"https:\/\/brancheenature.fr\/?page_id=1326","title":{"rendered":"Je propose"},"content":{"rendered":"\n<h3 class=\"wp-block-heading\">Des exp\u00e9riences et accompagnements en nature<\/h3>\n\n\n\n<p>Bienvenue dans l\u2019univers de <strong>Branch\u2019\u00e9e Nature<\/strong>.<br>Je vous partage ici les diff\u00e9rentes propositions que je cr\u00e9e et anime en pleine nature, pour se reconnecter \u00e0 soi, aux autres et au vivant.           Chaque accompagnement est une exp\u00e9rience singuli\u00e8re, pens\u00e9e pour les enfants, les adolescents, les adultes, les parents ou les professionnels, et adapt\u00e9e aux besoins de chacun.                                                                                                                                                                                       Vous pouvez explorer chaque proposition pour en d\u00e9couvrir l\u2019esprit, les intentions et les modalit\u00e9s.<\/p>\n\n\n\n<hr class=\"wp-block-separator has-alpha-channel-opacity\"\/>\n\n\n\n<h3 class=\"wp-block-heading\">\ud83c\udf31 Immersion Nature<\/h3>\n\n\n\n<p><strong>Moments de ressourcement et de pleine pr\u00e9sence en nature, pour \u00e9veiller les sens, se reconnecter \u00e0 soi et au vivant.<\/strong><br><\/p>\n\n\n\n<div class=\"wp-block-uagb-buttons uagb-buttons__outer-wrap uagb-btn__default-btn uagb-btn-tablet__default-btn uagb-btn-mobile__default-btn uagb-block-f538f32e\"><div class=\"uagb-buttons__wrap uagb-buttons-layout-wrap \">\n<div class=\"wp-block-uagb-buttons-child uagb-buttons__outer-wrap uagb-block-e2ebb89e wp-block-button\"><div class=\"uagb-button__wrapper\"><a class=\"uagb-buttons-repeater wp-block-button__link\" aria-label=\"\" href=\"https:\/\/brancheenature.fr\/?page_id=3843\" rel=\"follow noopener\" target=\"_blank\" role=\"button\"><div class=\"uagb-button__link\">D\u00e9couvrir<\/div><\/a><\/div><\/div>\n<\/div><\/div>\n\n\n\n<h3 class=\"wp-block-heading\">\ud83c\udf1f Grandir avec la nature<\/h3>\n\n\n\n<p><strong>Temps d\u2019\u00e9change exp\u00e9rientiel en ext\u00e9rieur autour du d\u00e9veloppement de l\u2019enfant, pour parents et professionnels.<\/strong><br><\/p>\n\n\n\n<div class=\"wp-block-uagb-buttons uagb-buttons__outer-wrap uagb-btn__default-btn uagb-btn-tablet__default-btn uagb-btn-mobile__default-btn uagb-block-a3d2aefb\"><div class=\"uagb-buttons__wrap uagb-buttons-layout-wrap \">\n<div class=\"wp-block-uagb-buttons-child uagb-buttons__outer-wrap uagb-block-91337db0 wp-block-button\"><div class=\"uagb-button__wrapper\"><a class=\"uagb-buttons-repeater wp-block-button__link\" aria-label=\"\" href=\"https:\/\/brancheenature.fr\/?page_id=3847\" rel=\"follow noopener\" target=\"_blank\" role=\"button\"><div class=\"uagb-button__link\">D\u00e9couvrir<\/div><\/a><\/div><\/div>\n<\/div><\/div>\n\n\n\n<h3 class=\"wp-block-heading\">\ud83d\udc68\u200d\ud83d\udc69\u200d\ud83d\udc67 Atelier parent\/enfant<\/h3>\n\n\n\n<p><strong>Vivre un moment partag\u00e9 avec votre enfant, en pleine nature, alliant exploration et cr\u00e9ativit\u00e9.<\/strong><br><\/p>\n\n\n\n<div class=\"wp-block-uagb-buttons uagb-buttons__outer-wrap uagb-btn__default-btn uagb-btn-tablet__default-btn uagb-btn-mobile__default-btn uagb-block-1e1ec063\"><div class=\"uagb-buttons__wrap uagb-buttons-layout-wrap \">\n<div class=\"wp-block-uagb-buttons-child uagb-buttons__outer-wrap uagb-block-e9dbff81 wp-block-button\"><div class=\"uagb-button__wrapper\"><a class=\"uagb-buttons-repeater wp-block-button__link\" aria-label=\"\" href=\"https:\/\/brancheenature.fr\/?page_id=3864\" rel=\"follow noopener\" target=\"_blank\" role=\"button\"><div class=\"uagb-button__link\">D\u00e9couvrir<\/div><\/a><\/div><\/div>\n<\/div><\/div>\n\n\n\n<h3 class=\"wp-block-heading\">\ud83c\udf32 Accompagnement individuel \u2013 Jeunes<\/h3>\n\n\n\n<p><strong>Parcours immersif individuel pour se reconnecter \u00e0 soi et \u00e0 la nature, respirer, cr\u00e9er et explorer ses sensations.<\/strong><br><\/p>\n\n\n\n<div class=\"wp-block-uagb-buttons uagb-buttons__outer-wrap uagb-btn__default-btn uagb-btn-tablet__default-btn uagb-btn-mobile__default-btn uagb-block-883c0a56\"><div class=\"uagb-buttons__wrap uagb-buttons-layout-wrap \">\n<div class=\"wp-block-uagb-buttons-child uagb-buttons__outer-wrap uagb-block-f44a384c wp-block-button\"><div class=\"uagb-button__wrapper\"><a class=\"uagb-buttons-repeater wp-block-button__link\" aria-label=\"\" href=\"https:\/\/brancheenature.fr\/?page_id=3873\" rel=\"follow noopener\" target=\"_blank\" role=\"button\"><div class=\"uagb-button__link\">D\u00e9couvrir<\/div><\/a><\/div><\/div>\n<\/div><\/div>\n\n\n\n<h3 class=\"wp-block-heading\">\ud83c\udfa8 Stages immersifs<\/h3>\n\n\n\n<p><strong>Stages co\u2011organis\u00e9s \u00e0 la clairi\u00e8re pour vivre la nature, cr\u00e9er, exp\u00e9rimenter et se ressourcer sur un week-end.<\/strong><br><\/p>\n\n\n\n<div class=\"wp-block-uagb-buttons uagb-buttons__outer-wrap uagb-btn__default-btn uagb-btn-tablet__default-btn uagb-btn-mobile__default-btn uagb-block-58c9898e\"><div class=\"uagb-buttons__wrap uagb-buttons-layout-wrap \">\n<div class=\"wp-block-uagb-buttons-child uagb-buttons__outer-wrap uagb-block-edcfb14f wp-block-button\"><div class=\"uagb-button__wrapper\"><a class=\"uagb-buttons-repeater wp-block-button__link\" aria-label=\"\" href=\"https:\/\/brancheenature.fr\/?page_id=3887\" rel=\"follow noopener\" target=\"_blank\" role=\"button\"><div class=\"uagb-button__link\">D\u00e9couvrir<\/div><\/a><\/div><\/div>\n<\/div><\/div>\n\n\n\n<h3 class=\"wp-block-heading\">\u2728 Et si on cr\u00e9ait ensemble ?<\/h3>\n\n\n\n<p><strong>Ouverte \u00e0 co-construire des projets sur-mesure, adapt\u00e9s aux besoins et envies de chacun, petits ou grands.<\/strong><br><\/p>\n\n\n\n<div class=\"wp-block-uagb-buttons uagb-buttons__outer-wrap uagb-btn__default-btn uagb-btn-tablet__default-btn uagb-btn-mobile__default-btn uagb-block-8c7ec382\"><div class=\"uagb-buttons__wrap uagb-buttons-layout-wrap \">\n<div class=\"wp-block-uagb-buttons-child uagb-buttons__outer-wrap uagb-block-7a43a4fc wp-block-button\"><div class=\"uagb-button__wrapper\"><a class=\"uagb-buttons-repeater wp-block-button__link\" aria-label=\"\" href=\"https:\/\/brancheenature.fr\/?page_id=3898\" rel=\"follow noopener\" target=\"_blank\" role=\"button\"><div class=\"uagb-button__link\">D\u00e9couvrir<\/div><\/a><\/div><\/div>\n<\/div><\/div>\n\n\n\n<div style=\"height:47px\" aria-hidden=\"true\" class=\"wp-block-spacer\"><\/div>\n\n\n\n<p class=\"has-text-align-center\"><strong><em>Un accompagnement issu d&rsquo;un parcours singulier <\/em><\/strong><\/p>\n\n\n\n<p>Je tisse des liens entre diff\u00e9rentes approches pour cr\u00e9er des moments uniques, o\u00f9 chacun peut <strong>se reconnecter \u00e0 son propre rythme<\/strong> avec la nature.<\/p>\n\n\n\n<p>Mon accompagnement est <strong>sensible et adapt\u00e9e \u00e0 chaque personne<\/strong>. Il s&rsquo;appuie sur:<\/p>\n\n\n\n<p>\ud83c\udf3a Mon v\u00e9cu d&rsquo;immersions en nature, qui m&rsquo;a appris \u00e0 \u00e9couter et observer le vivant.<\/p>\n\n\n\n<p>\ud83c\udf3a Des <a href=\"https:\/\/brancheenature.fr\/?page_id=3429\" target=\"_blank\" rel=\"noopener\" title=\"\">formations diverses<\/a> qui me permettent d&rsquo;ajuster chaque s\u00e9ance en fonction des besoins.<\/p>\n\n\n\n<p>\ud83c\udf3a Une conviction profonde: <strong>la nature est un espace de r\u00e9pit, d&rsquo;exploration et de transformation pour tous.<\/strong><\/p>\n\n\n\n<p>Mon r\u00f4le est de <strong>vous accompagner, enfants, jeunes, adultes, dans cette rencontre avec la nature<\/strong>, dans une immersion sensible, en cr\u00e9ant un espace o\u00f9 l&rsquo;on se sent bien, en confiance, libre d&rsquo;exp\u00e9rimenter.<\/p>\n\n\n\n<div style=\"height:18px\" aria-hidden=\"true\" class=\"wp-block-spacer\"><\/div>\n\n\n\n<div style=\"height:23px\" aria-hidden=\"true\" class=\"wp-block-spacer\"><\/div>\n\n\n\n<div style=\"height:47px\" aria-hidden=\"true\" class=\"wp-block-spacer\"><\/div>\n\n\n\n<div style=\"height:51px\" aria-hidden=\"true\" class=\"wp-block-spacer\"><\/div>\n","protected":false},"excerpt":{"rendered":"<p>Des exp\u00e9riences et accompagnements en nature Bienvenue dans l\u2019univers de Branch\u2019\u00e9e Nature.Je vous partage ici les diff\u00e9rentes propositions que je cr\u00e9e et anime en pleine &hellip;<\/p>\n","protected":false},"author":1,"featured_media":0,"parent":0,"menu_order":0,"comment_status":"closed","ping_status":"closed","template":"","meta":{"om_disable_all_campaigns":false,"_uag_custom_page_level_css":"","footnotes":""},"class_list":["post-1326","page","type-page","status-publish","hentry"],"aioseo_notices":[],"uagb_featured_image_src":{"full":false,"thumbnail":false,"medium":false,"medium_large":false,"large":false,"1536x1536":false,"2048x2048":false,"post-thumbnail":false,"bravada-featured":false,"bravada-featured-lp":false,"bravada-featured-half":false,"bravada-featured-third":false,"bravada-lpbox-1":false,"bravada-lpbox-2":false},"uagb_author_info":{"display_name":"Maryline","author_link":"https:\/\/brancheenature.fr\/?author=1"},"uagb_comment_info":0,"uagb_excerpt":"Des exp\u00e9riences et accompagnements en nature Bienvenue dans l\u2019univers de Branch\u2019\u00e9e Nature.Je vous partage ici les diff\u00e9rentes propositions que je cr\u00e9e et anime en pleine &hellip;","_links":{"self":[{"href":"https:\/\/brancheenature.fr\/index.php?rest_route=\/wp\/v2\/pages\/1326","targetHints":{"allow":["GET"]}}],"collection":[{"href":"https:\/\/brancheenature.fr\/index.php?rest_route=\/wp\/v2\/pages"}],"about":[{"href":"https:\/\/brancheenature.fr\/index.php?rest_route=\/wp\/v2\/types\/page"}],"author":[{"embeddable":true,"href":"https:\/\/brancheenature.fr\/index.php?rest_route=\/wp\/v2\/users\/1"}],"replies":[{"embeddable":true,"href":"https:\/\/brancheenature.fr\/index.php?rest_route=%2Fwp%2Fv2%2Fcomments&post=1326"}],"version-history":[{"count":136,"href":"https:\/\/brancheenature.fr\/index.php?rest_route=\/wp\/v2\/pages\/1326\/revisions"}],"predecessor-version":[{"id":4057,"href":"https:\/\/brancheenature.fr\/index.php?rest_route=\/wp\/v2\/pages\/1326\/revisions\/4057"}],"wp:attachment":[{"href":"https:\/\/brancheenature.fr\/index.php?rest_route=%2Fwp%2Fv2%2Fmedia&parent=1326"}],"curies":[{"name":"wp","href":"https:\/\/api.w.org\/{rel}","templated":true}]}}