{"id":2256,"date":"2022-11-22T15:40:21","date_gmt":"2022-11-22T15:40:21","guid":{"rendered":"https:\/\/brancheenature.fr\/?page_id=2256"},"modified":"2026-01-21T14:17:39","modified_gmt":"2026-01-21T14:17:39","slug":"les-bienfaits-de-la-nature","status":"publish","type":"page","link":"https:\/\/brancheenature.fr\/?page_id=2256","title":{"rendered":"Les bienfaits"},"content":{"rendered":"\n<p><strong>Les bienfaits de la nature au c\u0153ur de mon accompagnement<\/strong><\/p>\n\n\n\n<p>Parce que la nature est un espace d\u2019\u00e9panouissement, elle permet de renouer avec soi-m\u00eame, de d\u00e9velopper ses sens et de s\u2019ouvrir pleinement au vivant.<\/p>\n\n\n\n<p>Chaque immersion est bien plus qu\u2019une simple sortie en ext\u00e9rieur. Elle s\u2019appuie sur les bienfaits reconnus du contact avec la nature et propose une approche sensible, \u00e9motionnelle et relationnelle, o\u00f9 l\u2019exp\u00e9rience v\u00e9cue occupe une place centrale.<\/p>\n\n\n\n<p>Mon accompagnement favorise notamment :<\/p>\n\n\n\n<p>\ud83c\udf3f la capacit\u00e9 \u00e0 mieux se conna\u00eetre, \u00e0 \u00e9couter ses ressentis et \u00e0 se relier \u00e0 ce qui fait sens<br>\ud83c\udf3f le d\u00e9veloppement de l\u2019attention, de la confiance et de la relation \u00e0 soi et aux autres<br>\ud83c\udf3f le renforcement des liens familiaux, sociaux ou communautaires \u00e0 travers des temps de partage et d\u2019\u00e9change<\/p>\n\n\n\n<p>Ainsi, la nature devient un v\u00e9ritable espace de transformation, permettant \u00e0 chacun de grandir \u00e0 son rythme, dans un cadre bienveillant, s\u00e9curisant et respectueux de ses besoins.<\/p>\n\n\n\n<hr class=\"wp-block-separator has-alpha-channel-opacity\"\/>\n\n\n\n<p><strong>Les bienfaits de la nature, reconnus et document\u00e9s<\/strong><\/p>\n\n\n\n<p>Depuis de nombreuses ann\u00e9es, plus de 3 000 \u00e9tudes scientifiques mettent en lumi\u00e8re les bienfaits du contact avec la nature sur la sant\u00e9 physique, cognitive et psychologique. Ces recherches sont notamment recens\u00e9es par l\u2019Universit\u00e9 dans la Nature au Canada.<\/p>\n\n\n\n<div style=\"height:24px\" aria-hidden=\"true\" class=\"wp-block-spacer\"><\/div>\n\n\n\n<div style=\"height:59px\" aria-hidden=\"true\" class=\"wp-block-spacer\"><\/div>\n\n\n\n<p><\/p>\n\n\n<div class=\"wp-block-image\">\n<figure class=\"aligncenter size-large\"><img loading=\"lazy\" decoding=\"async\" width=\"724\" height=\"1024\" src=\"https:\/\/brancheenature.fr\/wp-content\/uploads\/2024\/09\/Les-bienfaits-de-la-nature-feuille-site-724x1024.png\" alt=\"\" class=\"wp-image-3397\" srcset=\"https:\/\/brancheenature.fr\/wp-content\/uploads\/2024\/09\/Les-bienfaits-de-la-nature-feuille-site-724x1024.png 724w, https:\/\/brancheenature.fr\/wp-content\/uploads\/2024\/09\/Les-bienfaits-de-la-nature-feuille-site-212x300.png 212w, https:\/\/brancheenature.fr\/wp-content\/uploads\/2024\/09\/Les-bienfaits-de-la-nature-feuille-site-768x1086.png 768w, https:\/\/brancheenature.fr\/wp-content\/uploads\/2024\/09\/Les-bienfaits-de-la-nature-feuille-site-1086x1536.png 1086w, https:\/\/brancheenature.fr\/wp-content\/uploads\/2024\/09\/Les-bienfaits-de-la-nature-feuille-site.png 1414w\" sizes=\"auto, (max-width: 724px) 100vw, 724px\" \/><\/figure><\/div>\n\n\n<p class=\"has-text-align-center\">Ici, le <a href=\"https:\/\/www.sepaq.com\/resources\/docs\/org\/autres\/org_icm_rapport_nature_sante_globale.pdf\" target=\"_blank\" rel=\"noopener\" title=\"\">rapport r\u00e9dig\u00e9 par l&rsquo;Observatoire de la Pr\u00e9vention<\/a> en PDF<\/p>\n\n\n\n<div style=\"height:22px\" aria-hidden=\"true\" class=\"wp-block-spacer\"><\/div>\n\n\n\n<p class=\"has-text-align-center\"><strong>En nous rapprochant de la nature, nous acc\u00e9dons \u00e0 une meilleure sant\u00e9 et un meilleur \u00e9quilibre.<\/strong><\/p>\n\n\n\n<div style=\"height:24px\" aria-hidden=\"true\" class=\"wp-block-spacer\"><\/div>\n\n\n\n<figure class=\"wp-block-gallery has-nested-images columns-default is-cropped wp-block-gallery-1 is-layout-flex wp-block-gallery-is-layout-flex\">\n<figure class=\"wp-block-image size-large\"><img loading=\"lazy\" decoding=\"async\" width=\"768\" height=\"1024\" data-id=\"3237\" src=\"https:\/\/brancheenature.fr\/wp-content\/uploads\/2024\/08\/IMG_8036-768x1024.jpeg\" alt=\"\" class=\"wp-image-3237\" srcset=\"https:\/\/brancheenature.fr\/wp-content\/uploads\/2024\/08\/IMG_8036-768x1024.jpeg 768w, https:\/\/brancheenature.fr\/wp-content\/uploads\/2024\/08\/IMG_8036-225x300.jpeg 225w, https:\/\/brancheenature.fr\/wp-content\/uploads\/2024\/08\/IMG_8036-1152x1536.jpeg 1152w, https:\/\/brancheenature.fr\/wp-content\/uploads\/2024\/08\/IMG_8036-1536x2048.jpeg 1536w, https:\/\/brancheenature.fr\/wp-content\/uploads\/2024\/08\/IMG_8036-scaled.jpeg 1920w\" sizes=\"auto, (max-width: 768px) 100vw, 768px\" \/><\/figure>\n\n\n\n<figure class=\"wp-block-image size-large\"><img loading=\"lazy\" decoding=\"async\" width=\"1024\" height=\"768\" data-id=\"3236\" src=\"https:\/\/brancheenature.fr\/wp-content\/uploads\/2024\/08\/IMG_7848-1-1024x768.jpeg\" alt=\"\" class=\"wp-image-3236\" srcset=\"https:\/\/brancheenature.fr\/wp-content\/uploads\/2024\/08\/IMG_7848-1-1024x768.jpeg 1024w, https:\/\/brancheenature.fr\/wp-content\/uploads\/2024\/08\/IMG_7848-1-300x225.jpeg 300w, https:\/\/brancheenature.fr\/wp-content\/uploads\/2024\/08\/IMG_7848-1-768x576.jpeg 768w, https:\/\/brancheenature.fr\/wp-content\/uploads\/2024\/08\/IMG_7848-1-1536x1152.jpeg 1536w, https:\/\/brancheenature.fr\/wp-content\/uploads\/2024\/08\/IMG_7848-1-2048x1536.jpeg 2048w, https:\/\/brancheenature.fr\/wp-content\/uploads\/2024\/08\/IMG_7848-1-400x300.jpeg 400w\" sizes=\"auto, (max-width: 1024px) 100vw, 1024px\" \/><\/figure>\n\n\n\n<figure class=\"wp-block-image size-large\"><img loading=\"lazy\" decoding=\"async\" width=\"768\" height=\"1024\" data-id=\"3232\" src=\"https:\/\/brancheenature.fr\/wp-content\/uploads\/2024\/08\/IMG_7582-1-768x1024.jpeg\" alt=\"\" class=\"wp-image-3232\" srcset=\"https:\/\/brancheenature.fr\/wp-content\/uploads\/2024\/08\/IMG_7582-1-768x1024.jpeg 768w, https:\/\/brancheenature.fr\/wp-content\/uploads\/2024\/08\/IMG_7582-1-225x300.jpeg 225w, https:\/\/brancheenature.fr\/wp-content\/uploads\/2024\/08\/IMG_7582-1-1152x1536.jpeg 1152w, https:\/\/brancheenature.fr\/wp-content\/uploads\/2024\/08\/IMG_7582-1-1536x2048.jpeg 1536w, https:\/\/brancheenature.fr\/wp-content\/uploads\/2024\/08\/IMG_7582-1-scaled.jpeg 1920w\" sizes=\"auto, (max-width: 768px) 100vw, 768px\" \/><\/figure>\n<\/figure>\n","protected":false},"excerpt":{"rendered":"<p>Les bienfaits de la nature au c\u0153ur de mon accompagnement Parce que la nature est un espace d\u2019\u00e9panouissement, elle permet de renouer avec soi-m\u00eame, de &hellip;<\/p>\n","protected":false},"author":1,"featured_media":0,"parent":0,"menu_order":0,"comment_status":"closed","ping_status":"closed","template":"","meta":{"om_disable_all_campaigns":false,"_uag_custom_page_level_css":"","footnotes":""},"class_list":["post-2256","page","type-page","status-publish","hentry"],"aioseo_notices":[],"uagb_featured_image_src":{"full":false,"thumbnail":false,"medium":false,"medium_large":false,"large":false,"1536x1536":false,"2048x2048":false,"post-thumbnail":false,"bravada-featured":false,"bravada-featured-lp":false,"bravada-featured-half":false,"bravada-featured-third":false,"bravada-lpbox-1":false,"bravada-lpbox-2":false},"uagb_author_info":{"display_name":"Maryline","author_link":"https:\/\/brancheenature.fr\/?author=1"},"uagb_comment_info":0,"uagb_excerpt":"Les bienfaits de la nature au c\u0153ur de mon accompagnement Parce que la nature est un espace d\u2019\u00e9panouissement, elle permet de renouer avec soi-m\u00eame, de &hellip;","_links":{"self":[{"href":"https:\/\/brancheenature.fr\/index.php?rest_route=\/wp\/v2\/pages\/2256","targetHints":{"allow":["GET"]}}],"collection":[{"href":"https:\/\/brancheenature.fr\/index.php?rest_route=\/wp\/v2\/pages"}],"about":[{"href":"https:\/\/brancheenature.fr\/index.php?rest_route=\/wp\/v2\/types\/page"}],"author":[{"embeddable":true,"href":"https:\/\/brancheenature.fr\/index.php?rest_route=\/wp\/v2\/users\/1"}],"replies":[{"embeddable":true,"href":"https:\/\/brancheenature.fr\/index.php?rest_route=%2Fwp%2Fv2%2Fcomments&post=2256"}],"version-history":[{"count":61,"href":"https:\/\/brancheenature.fr\/index.php?rest_route=\/wp\/v2\/pages\/2256\/revisions"}],"predecessor-version":[{"id":3954,"href":"https:\/\/brancheenature.fr\/index.php?rest_route=\/wp\/v2\/pages\/2256\/revisions\/3954"}],"wp:attachment":[{"href":"https:\/\/brancheenature.fr\/index.php?rest_route=%2Fwp%2Fv2%2Fmedia&parent=2256"}],"curies":[{"name":"wp","href":"https:\/\/api.w.org\/{rel}","templated":true}]}}