{"id":2260,"date":"2022-11-22T15:52:10","date_gmt":"2022-11-22T15:52:10","guid":{"rendered":"https:\/\/brancheenature.fr\/?page_id=2260"},"modified":"2026-01-14T13:19:39","modified_gmt":"2026-01-14T13:19:39","slug":"ils-me-font-confiance","status":"publish","type":"page","link":"https:\/\/brancheenature.fr\/?page_id=2260","title":{"rendered":"Ils me font confiance"},"content":{"rendered":"\n<p><\/p>\n\n\n\n<p class=\"has-accent-2-color has-text-color has-link-color wp-elements-a979a659f19861db030877d10917acf2\">\ud83e\udd1d <strong>Nous travaillons ou avons d\u00e9j\u00e0 travaill\u00e9 ensemble : <\/strong><\/p>\n\n\n\n<p><\/p>\n\n\n\n<p>\ud83c\udf31Promotion Sant\u00e9 Occitanie <\/p>\n\n\n\n<p>\ud83c\udf31Graine Occitanie <\/p>\n\n\n\n<p>\ud83c\udf31Lyc\u00e9e Professionnel Agricole de Flamarens Lavaur (81) <\/p>\n\n\n\n<p>\ud83c\udf31Entreprise <a href=\"https:\/\/www.aujardindesemotions.fr\/\" target=\"_blank\" rel=\"noopener\" title=\"\">Au Jardin des Emotions <\/a>(81)<\/p>\n\n\n\n<p>\ud83c\udf31Communaut\u00e9 de Communes Aubrac, Carladez, Viad\u00e8ne (12)  &#8211; Contrat Local de sant\u00e9<\/p>\n\n\n\n<p>\ud83c\udf31Communaut\u00e9 d&rsquo;Agglom\u00e9ration Gaillac Graulhet (81) &#8211; Mission Politique de la Ville<\/p>\n\n\n\n<p>\ud83c\udf31Coll\u00e8ge Montessori Gaillac (81)<\/p>\n\n\n\n<p>\ud83c\udf31Coll\u00e8ge Albert Camus Gaillac (81)<\/p>\n\n\n\n<p>\ud83c\udf31Communaut\u00e9 de Communes Haut Languedoc (81\/34) &#8211; Service Action Sociale<\/p>\n\n\n\n<p>\ud83c\udf31Association Rebonds (81\/82)<\/p>\n\n\n\n<p>\ud83c\udf31R\u00e9seau R\u00e9gional R\u00b2ESE Occitanie &#8211; Nature et Sant\u00e9<\/p>\n\n\n\n<p> \ud83c\udf31Entreprise <a href=\"https:\/\/droitdansesbaskets.fr\/\" target=\"_blank\" rel=\"noopener\" title=\"\">Droit dans ses baskets<\/a> (81)<\/p>\n\n\n\n<p>\ud83c\udf31Association La Passerelle de Lombers (81)<\/p>\n\n\n\n<p>\ud83c\udf31Maison de Sant\u00e9 Pluridisciplinaire de Lagrave (81)<\/p>\n\n\n\n<p>\ud83c\udf31Centre social du Carmausin S\u00e9gala, La Casa<\/p>\n\n\n\n<p>\ud83c\udf31Maison Sport Sant\u00e9 de Montrodat (48)<\/p>\n\n\n\n<p>\ud83c\udf31Conseil D\u00e9partemental de la Loz\u00e8re (48)<\/p>\n\n\n\n<p><\/p>\n\n\n\n<div style=\"height:63px\" aria-hidden=\"true\" class=\"wp-block-spacer\"><\/div>\n\n\n\n<p class=\"has-accent-2-color has-text-color has-link-color wp-elements-3e8771d9941d34006c5fc3d605bad772\">\ud83d\ude4c <strong>Nous unissons nos forces et nos talents autour de projets avec :<\/strong><\/p>\n\n\n\n<p>\ud83c\udf31Alicia Lira, <a href=\"https:\/\/www.aujardindesemotions.fr\/\" target=\"_blank\" rel=\"noopener\" title=\"\">Au Jardin des Emotions<\/a> &#8211; Education Emotionnelle &#8211; Gaillac (81)<\/p>\n\n\n\n<p>\ud83c\udf31Sophie Happillon,  <a href=\"https:\/\/www.atelierlagrane.fr\/contact-us\" target=\"_blank\" rel=\"noopener\" title=\"\">Atelier Lagrane<\/a> &#8211; C\u00e9ramiste &#8211; Puycelsi (81)<\/p>\n\n\n\n<p>\ud83c\udf31Marine Kwasnik, <a href=\"https:\/\/droitdansesbaskets.fr\/\" target=\"_blank\" rel=\"noopener\" title=\"\">Entreprise Droit dans ses Baskets<\/a> &#8211; Droit, Sant\u00e9 et Nature (81)<\/p>\n\n\n\n<p>\ud83c\udf31S\u00e9verine Vaissi\u00e8res,<a href=\"https:\/\/www.severinevaissieres.com\/\" target=\"_blank\" rel=\"noopener\" title=\"\"> Praticienne en psycho p\u00e9dagogie<\/a> &#8211; Lisle sur Tarn (81)<\/p>\n\n\n\n<p>Analyse, R\u00e9flexion, Co construction, Co animation. Nous sommes ind\u00e9pendantes les unes des autres sur nos s\u00e9ances et nous nous accordons mutuellement une grande confiance pour les inclure dans un <strong>programme commun<\/strong>. Nous n&rsquo;avons pas toutes les m\u00eames bagages de formation et d&rsquo;exp\u00e9rience. Nous sommes int\u00e9ress\u00e9es pour construire des projets ensemble et nous croyons que les apports de chacune de nos disciplines sont une richesse qui repose sur une valeur que nous d\u00e9fendons: <strong>l&rsquo;ouverture<\/strong>.<\/p>\n\n\n\n<div style=\"height:63px\" aria-hidden=\"true\" class=\"wp-block-spacer\"><\/div>\n\n\n\n<p class=\"has-accent-2-color has-text-color has-link-color wp-elements-223f86b3fd809f9c7024b198e1ef78c9\">\ud83d\ude4f <strong>Ils soutiennent l&rsquo;activit\u00e9 Branch&rsquo;\u00e9e Nature<\/strong> :<\/p>\n\n\n\n<div style=\"height:36px\" aria-hidden=\"true\" class=\"wp-block-spacer\"><\/div>\n\n\n\n<div class=\"wp-block-media-text alignwide is-stacked-on-mobile\" style=\"grid-template-columns:35% auto\"><figure class=\"wp-block-media-text__media\"><a href=\"https:\/\/jamescook.academia.edu\/MelusineMartin\" target=\"_blank\" rel=\"noreferrer noopener\"><img loading=\"lazy\" decoding=\"async\" width=\"373\" height=\"243\" src=\"https:\/\/brancheenature.fr\/wp-content\/uploads\/2023\/05\/rechercher.jpg\" alt=\"\" class=\"wp-image-2883 size-full\" srcset=\"https:\/\/brancheenature.fr\/wp-content\/uploads\/2023\/05\/rechercher.jpg 373w, https:\/\/brancheenature.fr\/wp-content\/uploads\/2023\/05\/rechercher-300x195.jpg 300w\" sizes=\"auto, (max-width: 373px) 100vw, 373px\" \/><\/a><\/figure><div class=\"wp-block-media-text__content\">\n<p><a href=\"https:\/\/jamescook.academia.edu\/MelusineMartin\" target=\"_blank\" rel=\"noopener\" title=\"\"><strong>M\u00e9lusine Martin<\/strong><\/a>, chercheuse en sociologie environnementale \u00e0 l&rsquo;Universit\u00e9 James Cook en Australie et dipl\u00f4m\u00e9e de la Sorbonne, membre du Comit\u00e9 Scientifique de l&rsquo;Universit\u00e9 dans la Nature au Canada.<\/p>\n\n\n\n<p>Soucieuse de la qualit\u00e9 de mon accompagnement, \u00eatre en lien avec la recherche scientifique et l&rsquo;innovation dans le domaine m&rsquo;enrichit.<\/p>\n\n\n\n<p><strong>M\u00e9lusine est marraine scientifique du projet \u00ab\u00a0L&rsquo;Appel du Grand Air\u00a0\u00bb que je m\u00e8ne avec Alicia Lira<\/strong>, Fondatrice Au Jardin des Emotions.<\/p>\n<\/div><\/div>\n\n\n\n<hr class=\"wp-block-separator has-alpha-channel-opacity\"\/>\n\n\n\n<div style=\"height:15px\" aria-hidden=\"true\" class=\"wp-block-spacer\"><\/div>\n\n\n\n<div class=\"wp-block-media-text is-stacked-on-mobile\" style=\"grid-template-columns:35% auto\"><figure class=\"wp-block-media-text__media\"><img loading=\"lazy\" decoding=\"async\" width=\"997\" height=\"294\" src=\"https:\/\/brancheenature.fr\/wp-content\/uploads\/2024\/08\/picto-sante-environnement.png\" alt=\"\" class=\"wp-image-3264 size-full\" srcset=\"https:\/\/brancheenature.fr\/wp-content\/uploads\/2024\/08\/picto-sante-environnement.png 997w, https:\/\/brancheenature.fr\/wp-content\/uploads\/2024\/08\/picto-sante-environnement-300x88.png 300w, https:\/\/brancheenature.fr\/wp-content\/uploads\/2024\/08\/picto-sante-environnement-768x226.png 768w, https:\/\/brancheenature.fr\/wp-content\/uploads\/2024\/08\/picto-sante-environnement-421x124.png 421w\" sizes=\"auto, (max-width: 997px) 100vw, 997px\" \/><\/figure><div class=\"wp-block-media-text__content\">\n<p>Branch\u2019\u00e9e Nature est un acteur local r\u00e9f\u00e9renc\u00e9 en <strong>Education et Promotion de la Sant\u00e9 Environnement en Occitanie<\/strong>, sur la th\u00e9matique <strong>Nature et Sant\u00e9<\/strong>.<\/p>\n\n\n\n<p>Branch&rsquo;\u00e9e Nature contribue au R\u00e9seau R\u00e9gional R\u00b2ESE Occitanie en r\u00e9pertoriant ses actions et ses \u00e9v\u00e8nements, en r\u00e9digeant <a href=\"https:\/\/agir-ese.org\/methode\/developper-la-connexion-la-nature-par-la-pratique-de-la-pleine-attention-chez-les-enfants?region=occitanie\" target=\"_blank\" rel=\"noopener\" title=\"\">des articles th\u00e9matiques.<\/a><\/p>\n\n\n\n<p>Site<a href=\"https:\/\/agir-ese.org\/?region=occitanie\" target=\"_blank\" rel=\"noopener\" title=\"\"> Agir ESE<\/a><\/p>\n<\/div><\/div>\n\n\n\n<hr class=\"wp-block-separator has-alpha-channel-opacity\"\/>\n\n\n\n<div class=\"wp-block-media-text alignwide is-stacked-on-mobile\" style=\"grid-template-columns:35% auto\"><figure class=\"wp-block-media-text__media\"><img loading=\"lazy\" decoding=\"async\" width=\"529\" height=\"195\" src=\"https:\/\/brancheenature.fr\/wp-content\/uploads\/2024\/02\/logo_event_FHN.png\" alt=\"\" class=\"wp-image-3071 size-full\" srcset=\"https:\/\/brancheenature.fr\/wp-content\/uploads\/2024\/02\/logo_event_FHN.png 529w, https:\/\/brancheenature.fr\/wp-content\/uploads\/2024\/02\/logo_event_FHN-300x111.png 300w, https:\/\/brancheenature.fr\/wp-content\/uploads\/2024\/02\/logo_event_FHN-421x155.png 421w\" sizes=\"auto, (max-width: 529px) 100vw, 529px\" \/><\/figure><div class=\"wp-block-media-text__content\">\n<p>La <a href=\"https:\/\/homme-nature.ch\/\" target=\"_blank\" rel=\"noopener\" title=\"\">Fondation Homme et Nature<\/a>, situ\u00e9e en Suisse.<\/p>\n\n\n\n<p>Activit\u00e9s de Branch&rsquo;\u00e9e Nature dans <a href=\"https:\/\/shop.homme-nature.ch\/%C3%A9v%C3%A9nement\/explorer-sa-nature-dans-la-nature-semerveiller\/\" target=\"_blank\" rel=\"noopener\" title=\"\">l&rsquo;agenda<\/a> de la Fondation<\/p>\n<\/div><\/div>\n\n\n\n<hr class=\"wp-block-separator has-alpha-channel-opacity\"\/>\n\n\n\n<div style=\"height:24px\" aria-hidden=\"true\" class=\"wp-block-spacer\"><\/div>\n\n\n\n<div class=\"wp-block-media-text alignwide is-stacked-on-mobile\" style=\"grid-template-columns:35% auto\"><figure class=\"wp-block-media-text__media\"><a href=\"https:\/\/www.lacacteequicaquette.com\/\" target=\"_blank\" rel=\"noreferrer noopener\"><img loading=\"lazy\" decoding=\"async\" width=\"1024\" height=\"320\" src=\"https:\/\/brancheenature.fr\/wp-content\/uploads\/2022\/11\/logo-manon-1024x320.jpg\" alt=\"\" class=\"wp-image-2276 size-full\" srcset=\"https:\/\/brancheenature.fr\/wp-content\/uploads\/2022\/11\/logo-manon-1024x320.jpg 1024w, https:\/\/brancheenature.fr\/wp-content\/uploads\/2022\/11\/logo-manon-300x94.jpg 300w, https:\/\/brancheenature.fr\/wp-content\/uploads\/2022\/11\/logo-manon-768x240.jpg 768w, https:\/\/brancheenature.fr\/wp-content\/uploads\/2022\/11\/logo-manon-1536x480.jpg 1536w, https:\/\/brancheenature.fr\/wp-content\/uploads\/2022\/11\/logo-manon-421x132.jpg 421w, https:\/\/brancheenature.fr\/wp-content\/uploads\/2022\/11\/logo-manon.jpg 1920w\" sizes=\"auto, (max-width: 1024px) 100vw, 1024px\" \/><\/a><\/figure><div class=\"wp-block-media-text__content\">\n<p><a href=\"https:\/\/www.lacacteequicaquette.com\/\" target=\"_blank\" rel=\"noopener\" title=\"\">La cact\u00e9e qui caquette<\/a> <\/p>\n\n\n\n<p>Manon Luneau, formatrice, auteure, conf\u00e9renci\u00e8re <\/p>\n\n\n\n<p>Lire mon t\u00e9moignage \u00ab\u00a0Pars en balade avec Maryline Brochet\u00a0\u00bb <a href=\"https:\/\/www.lacacteequicaquette.com\/pars-en-balade-avec-maryline-brochet\/\" target=\"_blank\" rel=\"noopener\" title=\"\">ici<\/a><\/p>\n\n\n\n<p><strong>Branch&rsquo;\u00e9e Nature est partenaire de La cact\u00e9e qui caquette <\/strong><\/p>\n<\/div><\/div>\n\n\n\n<div style=\"height:47px\" aria-hidden=\"true\" class=\"wp-block-spacer\"><\/div>\n\n\n\n<hr class=\"wp-block-separator has-alpha-channel-opacity\"\/>\n\n\n\n<div class=\"wp-block-media-text alignwide is-stacked-on-mobile\" style=\"grid-template-columns:34% auto\"><figure class=\"wp-block-media-text__media\"><a href=\"https:\/\/silapedagogie.weebly.com\/\" target=\"_blank\" rel=\"noreferrer noopener\"><img loading=\"lazy\" decoding=\"async\" width=\"951\" height=\"1024\" src=\"https:\/\/brancheenature.fr\/wp-content\/uploads\/2023\/01\/bern-moussy-951x1024.jpg\" alt=\"\" class=\"wp-image-2650 size-full\" srcset=\"https:\/\/brancheenature.fr\/wp-content\/uploads\/2023\/01\/bern-moussy-951x1024.jpg 951w, https:\/\/brancheenature.fr\/wp-content\/uploads\/2023\/01\/bern-moussy-279x300.jpg 279w, https:\/\/brancheenature.fr\/wp-content\/uploads\/2023\/01\/bern-moussy-768x827.jpg 768w, https:\/\/brancheenature.fr\/wp-content\/uploads\/2023\/01\/bern-moussy-1426x1536.jpg 1426w, https:\/\/brancheenature.fr\/wp-content\/uploads\/2023\/01\/bern-moussy.jpg 1901w\" sizes=\"auto, (max-width: 951px) 100vw, 951px\" \/><\/a><\/figure><div class=\"wp-block-media-text__content\">\n<p><\/p>\n\n\n\n<p><strong>Bernadette Moussy<\/strong>, docteur en sciences de l&rsquo;\u00e9ducation, formatrice et auteure de nombreux ouvrages. Elle nous offre son regard sur la rencontre des enfants et de la nature. Elle nous explique ce retour aux sources et cette capacit\u00e9 d&rsquo;<strong>\u00e9merveillement<\/strong>. <\/p>\n\n\n\n<p><\/p>\n\n\n\n<p><a href=\"https:\/\/silapedagogie.weebly.com\/la-nature.html\" target=\"_blank\" rel=\"noopener\" title=\"\">Voir plus ici<\/a><\/p>\n<\/div><\/div>\n\n\n\n<hr class=\"wp-block-separator has-alpha-channel-opacity\"\/>\n\n\n\n<div style=\"height:17px\" aria-hidden=\"true\" class=\"wp-block-spacer\"><\/div>\n\n\n\n<div style=\"height:31px\" aria-hidden=\"true\" class=\"wp-block-spacer\"><\/div>\n\n\n\n<p><\/p>\n","protected":false},"excerpt":{"rendered":"<p>\ud83e\udd1d Nous travaillons ou avons d\u00e9j\u00e0 travaill\u00e9 ensemble : \ud83c\udf31Promotion Sant\u00e9 Occitanie \ud83c\udf31Graine Occitanie \ud83c\udf31Lyc\u00e9e Professionnel Agricole de Flamarens Lavaur (81) \ud83c\udf31Entreprise Au Jardin des &hellip;<\/p>\n","protected":false},"author":1,"featured_media":0,"parent":0,"menu_order":0,"comment_status":"closed","ping_status":"closed","template":"","meta":{"om_disable_all_campaigns":false,"_uag_custom_page_level_css":"","footnotes":""},"class_list":["post-2260","page","type-page","status-publish","hentry"],"aioseo_notices":[],"uagb_featured_image_src":{"full":false,"thumbnail":false,"medium":false,"medium_large":false,"large":false,"1536x1536":false,"2048x2048":false,"post-thumbnail":false,"bravada-featured":false,"bravada-featured-lp":false,"bravada-featured-half":false,"bravada-featured-third":false,"bravada-lpbox-1":false,"bravada-lpbox-2":false},"uagb_author_info":{"display_name":"Maryline","author_link":"https:\/\/brancheenature.fr\/?author=1"},"uagb_comment_info":0,"uagb_excerpt":"\ud83e\udd1d Nous travaillons ou avons d\u00e9j\u00e0 travaill\u00e9 ensemble : \ud83c\udf31Promotion Sant\u00e9 Occitanie \ud83c\udf31Graine Occitanie \ud83c\udf31Lyc\u00e9e Professionnel Agricole de Flamarens Lavaur (81) \ud83c\udf31Entreprise Au Jardin des &hellip;","_links":{"self":[{"href":"https:\/\/brancheenature.fr\/index.php?rest_route=\/wp\/v2\/pages\/2260","targetHints":{"allow":["GET"]}}],"collection":[{"href":"https:\/\/brancheenature.fr\/index.php?rest_route=\/wp\/v2\/pages"}],"about":[{"href":"https:\/\/brancheenature.fr\/index.php?rest_route=\/wp\/v2\/types\/page"}],"author":[{"embeddable":true,"href":"https:\/\/brancheenature.fr\/index.php?rest_route=\/wp\/v2\/users\/1"}],"replies":[{"embeddable":true,"href":"https:\/\/brancheenature.fr\/index.php?rest_route=%2Fwp%2Fv2%2Fcomments&post=2260"}],"version-history":[{"count":111,"href":"https:\/\/brancheenature.fr\/index.php?rest_route=\/wp\/v2\/pages\/2260\/revisions"}],"predecessor-version":[{"id":3821,"href":"https:\/\/brancheenature.fr\/index.php?rest_route=\/wp\/v2\/pages\/2260\/revisions\/3821"}],"wp:attachment":[{"href":"https:\/\/brancheenature.fr\/index.php?rest_route=%2Fwp%2Fv2%2Fmedia&parent=2260"}],"curies":[{"name":"wp","href":"https:\/\/api.w.org\/{rel}","templated":true}]}}