{"id":2266,"date":"2022-11-22T16:08:57","date_gmt":"2022-11-22T16:08:57","guid":{"rendered":"https:\/\/brancheenature.fr\/?page_id=2266"},"modified":"2023-05-15T12:19:54","modified_gmt":"2023-05-15T12:19:54","slug":"ma-bibliographie","status":"publish","type":"page","link":"https:\/\/brancheenature.fr\/?page_id=2266","title":{"rendered":"Ressources"},"content":{"rendered":"\n<div class=\"wp-block-uagb-container uagb-block-f1abb458 alignfull uagb-is-root-container\"><div class=\"uagb-container-inner-blocks-wrap\">\n<p class=\"has-accent-1-color has-text-color\" style=\"font-size:18px\">Sur mon chemin, j&rsquo;ai fait la connaissance de personnes tr\u00e8s inspirantes qui m&rsquo;ont apport\u00e9 de la joie, des enseignements, de l&rsquo;\u00e9merveillement, des id\u00e9es, des astuces, des partages profonds. <\/p>\n\n\n\n<p class=\"has-accent-1-color has-text-color\" style=\"font-size:18px\">Aussi, de nombreux acteurs et penseurs m&rsquo;ont permis de d\u00e9velopper mon approche et aiguiser ma pratique, en compl\u00e9ment des formations effectu\u00e9es. Je trouve int\u00e9ressant de partager avec vous le nom de leurs ouvrages. J&rsquo;aime les faire voyager, les pr\u00eater, en discuter &#8230; <\/p>\n<\/div><\/div>\n\n\n\n<div class=\"wp-block-buttons is-layout-flex wp-block-buttons-is-layout-flex\"><\/div>\n\n\n\n<div class=\"wp-block-buttons is-layout-flex wp-block-buttons-is-layout-flex\"><\/div>\n\n\n\n<div class=\"wp-block-buttons is-layout-flex wp-block-buttons-is-layout-flex\"><\/div>\n\n\n\n<div class=\"wp-block-buttons is-layout-flex wp-block-buttons-is-layout-flex\"><\/div>\n\n\n\n<div class=\"wp-block-buttons is-layout-flex wp-block-buttons-is-layout-flex\"><\/div>\n\n\n\n<p class=\"has-accent-2-color has-text-color\"><strong>EDUCATION PARENTALITE<\/strong> <\/p>\n\n\n\n<p><strong>Crystele Ferjou avec Moina Fauchier Delavigne<\/strong> <em>Emmenez les enfants dehors Comment la nature est essentielle au d\u00e9veloppement de l\u2019enfant &#8211; &nbsp;<\/em>Robert Laffont<\/p>\n\n\n\n<p><strong>Fr\u00e9d\u00e9ric Plenard<\/strong> <em>L\u2019enfant et la nature&nbsp; Et si le lien \u00e0 la nature \u00e9tait le secret d\u2019une \u00e9ducation au bonheur<\/em>\u2013 Editions du Rocher<\/p>\n\n\n\n<p><strong>Dr Catherine Gueguen<\/strong> <em>Heureux d\u2019apprendre \u00e0 l\u2019\u00e9cole Comment les neurosciences affectives et sociales peuvent changer l\u2019\u00e9ducation &#8211; <\/em>Robert Laffont<\/p>\n\n\n\n<p><strong>C\u00e9line Alvarez<\/strong> <em>Les lois naturelles de l\u2019enfant<\/em> &#8211; les ar\u00e8nes<\/p>\n\n\n\n<p><strong>Daniel Siegel Tina Payne Bryson<\/strong> <em>Le cerveau de votre enfant<\/em> \u2013 Les ar\u00e8nes<\/p>\n\n\n\n<p><strong>Dr Catherine Gueguen <\/strong><em>Pour une enfance heureuse Repenser l\u2019\u00e9ducation \u00e0 la lumi\u00e8re des derni\u00e8res d\u00e9couvertes sur le cerveau<\/em><\/p>\n\n\n\n<p><strong>Lawrence Cohen<\/strong><em> Qui veut jouer avec moi&nbsp;? Jouer pour mieux communiquer avec nos enfants<\/em><\/p>\n\n\n\n<p><strong>C\u00e9line Alvarez Christophe Andr\u00e9 Catherine Gueguen Ilios Kotsou Fr\u00e9deric Lenoir Caroline Lesire Fr\u00e9deric Lopez Matthieu Ricard<\/strong><em> Transmettre Ce que nous nous apportons les uns les autres &#8211; <\/em>L\u2019iconoclaste<\/p>\n\n\n\n<p><strong>Marie Jeanne Trouchaud<\/strong> <em>Donnez confiance \u00e0 votre enfant<\/em> \u2013 Plon<\/p>\n\n\n\n<p><strong>Marie Jeanne Trouchaud<\/strong>&nbsp;&nbsp; Apprenez<em> leur la libert\u00e9, Initiation au d\u00e9tachement s\u00e9cure pour accompagner l\u2019adolescent <\/em>\u2013 First Editions<\/p>\n\n\n\n<p><strong>Isabelle Filliozat<\/strong> <em>Au c\u0153ur des \u00e9motions de l\u2019enfant<\/em> \u2013 Poche marabout<\/p>\n\n\n\n<p><strong>Jane Nelsen<\/strong> <em>La discipline positive <\/em>\u2013 Poche marabout<\/p>\n\n\n\n<p><strong>Thomas Gordon<\/strong> <em>Eduquer sans punir <\/em>\u2013 Poche marabout<\/p>\n\n\n\n<p class=\"has-accent-2-color has-text-color\"><strong>PHILOSOPHIE<\/strong><\/p>\n\n\n\n<p><strong>Krishnamurti <\/strong><em>Le sens du bonheur<\/em><strong><\/strong><\/p>\n\n\n\n<p><strong>Fr\u00e9d\u00e9ric Lenoir <\/strong><em>Petit trait\u00e9 de vie int\u00e9rieure<\/em><\/p>\n\n\n\n<p><strong>Fr\u00e9deric Lenoir <\/strong><em>Du bonheur Un voyage philosophique<\/em><\/p>\n\n\n\n<p><strong>Fr\u00e9d\u00e9ric Lenoir <\/strong><em>Juste apr\u00e8s la fin du monde<\/em><strong><\/strong><\/p>\n\n\n\n<p><strong>Fr\u00e9d\u00e9ric Lenoir <\/strong><em>L\u2019\u00e2me du monde<\/em><\/p>\n\n\n\n<p class=\"has-accent-2-color has-text-color\"><strong>TRANSITION ET MONDE DE DEMAIN<\/strong><\/p>\n\n\n\n<p><strong>Cyril Dion, M\u00e9lanie Laurent :<\/strong>&nbsp;<em>Demain<\/em><\/p>\n\n\n\n<p><em><strong>Jean Marie Pelt, Pierre Rabhi<\/strong><\/em><em> Le monde a-t-il un sens&nbsp;?<\/em><\/p>\n\n\n\n<p><strong>Hors s\u00e9rie KAIZEN N\u00b03<\/strong> <em>Education Quelle \u00e9cole pour demain&nbsp;?<\/em><\/p>\n\n\n\n<p class=\"has-accent-2-color has-text-color\"><strong>ECOLOGIE PROFONDE, ECOPSYCHOLOGIE<\/strong><\/p>\n\n\n\n<p><strong>Joanna Macy &amp; Molly Young Brown :<\/strong>&nbsp;<em>Ecopsychologie pratique et rituels pour la Terre,<\/em><\/p>\n\n\n\n<p><strong>Laurent Huguelit :<\/strong>&nbsp;<em>M\u00e8re<\/em><\/p>\n\n\n\n<p><strong>Fr\u00e9d\u00e9rika Van Ingen<\/strong>&nbsp;:&nbsp;<em>101 fa\u00e7ons de se reconnecter \u00e0 la<\/em>&nbsp;nature \u2013 Les Ar\u00e8nes, 2021<\/p>\n\n\n\n<p><strong>Serge Mongeau<\/strong>&nbsp;: <em>L\u2019ecosophie ou la sagesse de la nature<\/em>, Ecosoci\u00e9t\u00e9<\/p>\n\n\n\n<p><strong>Eric Julien<\/strong>&nbsp;: <em>Kogis, le chemin des pierres qui parlent &#8211; Actes Sud<\/em><\/p>\n\n\n\n<p class=\"has-accent-2-color has-text-color\"><strong>ACCOMPAGNEMENT: FACILITATION ET COACHING<\/strong><\/p>\n\n\n\n<p><strong>Marshall B. Rosenberg<\/strong>&nbsp;:&nbsp;<em>Les mots sont des fen\u00eatres, ou bien ce sont des murs, introduction \u00e0 la Communication NonViolente<\/em>&nbsp;(La D\u00e9couverte)<\/p>\n\n\n\n<p><strong>Serena Rust<\/strong>&nbsp;: <em>Quand la girafe danse avec le chacal \u2013 Les quatre temps de la communication non violente<\/em><\/p>\n\n\n\n<p><strong>Eckhart Tolle<\/strong>&nbsp;&nbsp;<em>L\u2019art du Calme Int\u00e9rieur<\/em>&nbsp;(J\u2019ai Lu)<\/p>\n\n\n\n<p><strong>Eckhart Tolle<\/strong>&nbsp;&nbsp; <em>Le Pouvoir du Moment Pr\u00e9sent<\/em>&nbsp;(J\u2019ai Lu)<\/p>\n\n\n\n<p><strong>Eckhart Tolle<\/strong>&nbsp; <em>&nbsp;Mettre en pratique le pouvoir du moment pr\u00e9sent Enseignements essentiels (Ariane)<\/em><\/p>\n\n\n\n<p><strong>Tal Ben Shahar<\/strong><em> L\u2019apprentissage de l\u2019imperfection \u2013 Ne plus avoir peur d\u2019\u00eatre soi<\/em><\/p>\n\n\n\n<p><strong>Don Miguel Ruiz<\/strong>&nbsp;:<em>&nbsp;Les 4 accords Tolt\u00e8ques<\/em>&nbsp;(Jouvence)<\/p>\n\n\n\n<p><strong>Olivier Clerc<\/strong>&nbsp;:&nbsp;<em>L\u00e2che ton trap\u00e8ze et attrape le suivant, bien r\u00e9ussir les transitions de la vie<\/em>&nbsp;(Eyrolles)<\/p>\n\n\n\n<p><strong>William Bridges<\/strong>&nbsp;:&nbsp;<em>Transitions de vie, comment s\u2019adapter aux tournants de notre existence<\/em>&nbsp;(InterEditions)<\/p>\n\n\n\n<p><strong>Guy Finley <\/strong><em>L\u00e2cher Prise La cl\u00e9 de la transformation int\u00e9rieure<\/em><\/p>\n\n\n\n<p><strong>Christophe Andr\u00e9<\/strong> <em>M\u00e9diter jour apr\u00e8s jour<\/em> &#8211; L\u2019iconoclaste<\/p>\n\n\n\n<p><strong>Fr\u00e9deric Lenoir<\/strong> <em>Philosopher et m\u00e9diter avec les enfants<\/em> \u2013 Albin Michel<\/p>\n\n\n\n<p><strong>Natalie Slater Joelle Debraux<\/strong> <em>S\u2019asseoir et ne rien faire pour les enfants ( et leurs adultes) \u2013 <\/em>Editions Pour Penser<\/p>\n\n\n\n<p><strong>Ga\u00ebtan Cousin Dominique Page<\/strong><em> Le bien \u00eatre \u00e9motionnel 9 cl\u00e9s pour vivre la pleine conscience \u2013 <\/em>Odile Jacob<\/p>\n\n\n\n<p><strong>Isabelle Filliozat <\/strong><em>Je t\u2019en veux, je t\u2019aime ou comment r\u00e9parer la relation \u00e0 ses parents <\/em>Poche marabout<\/p>\n\n\n\n<p><strong>Isabelle Filliozat <\/strong><em>L\u2019intelligence du c\u0153ur Confiance en soi, cr\u00e9ativit\u00e9, relations, autonomie <\/em>Poche marabout<\/p>\n\n\n\n<p><strong>Isabelle Filliozat <\/strong><em>Les autres et moi comment d\u00e9velopper son intelligence sociale<\/em><strong> &nbsp;<\/strong>Poche marabout<\/p>\n\n\n\n<p><strong>Isabelle Filliozat <\/strong><em>Que se passe t-il en moi Mieux vivre ses \u00e9motions au quotidien <\/em>Poche marabout<\/p>\n\n\n\n<p><strong>Isabelle Filliozat Il<\/strong><em> n\u2019y a pas de parent parfait L\u2019histoire de nos enfants commence par la n\u00f4tre &#8211; &nbsp;<\/em>Poche marabout<\/p>\n\n\n\n<p><strong>Isabelle Filliozat <\/strong><em>Trouver son propre chemin- &nbsp;&nbsp;<\/em>Poche marabout<\/p>\n\n\n\n<p><strong>Isabelle Filliozat <\/strong><em>La confiance &#8211; &nbsp;<\/em>Poche marabout<\/p>\n\n\n\n<p><strong>Jacques Salom\u00e9<\/strong><em> Un zeste d\u2019\u00e9ternit\u00e9 \u2013 Les \u00e9ditions de l\u2019homme<\/em><\/p>\n\n\n\n<p><strong>Jean Pelissier<\/strong> <em>Le grand jeu de la vie<\/em><\/p>\n\n\n\n<p><strong>Fabrice Midal<\/strong> <em>Suis-je hypersensible&nbsp;?<\/em><\/p>\n\n\n\n<p><strong>Jacques Salom\u00e9<\/strong><em> Contes \u00e0 aimer Contes \u00e0 s\u2019aimer<\/em><\/p>\n\n\n\n<p><strong>Jacques Salom\u00e9<\/strong><em> Contes \u00e0 gu\u00e9rir Contes \u00e0 grandir<\/em><\/p>\n\n\n\n<div class=\"wp-block-group\"><div class=\"wp-block-group__inner-container is-layout-constrained wp-block-group-is-layout-constrained\">\n<p class=\"has-accent-2-color has-text-color\"><strong>LA FORET AUTREMENT<\/strong><\/p>\n\n\n\n<p><strong>Geoffroy Delorme<\/strong>,&nbsp; <em>L&rsquo;homme chevreuil <\/em>(Les Ar\u00e8nes, 2021)<\/p>\n\n\n\n<p><strong>Peter Wohlleben<\/strong>&nbsp;:&nbsp;<em>La Vie secr\u00e8te des Arbres<\/em>&nbsp;(Les Ar\u00e8nes)<\/p>\n\n\n\n<p><strong>Peter Wohlleben<\/strong>&nbsp;: <em>Ecoute les arbres parler<\/em> \u2013 A la d\u00e9couverte de la for\u00eat \u2013 Michel Lafon<\/p>\n\n\n\n<p><strong>Matthieu Ricard<\/strong> <em>Plaidoyer pour les animaux<\/em><\/p>\n\n\n\n<p><strong>Hermine Deniaud<\/strong><em>&nbsp; Sylvoth\u00e9rapie, la for\u00eat gu\u00e9risseuse<\/em><\/p>\n\n\n\n<div class=\"wp-block-group\"><div class=\"wp-block-group__inner-container is-layout-constrained wp-block-group-is-layout-constrained\">\n<p class=\"has-accent-2-color has-text-color\"><strong>VIVANT, SCIENCE ET SANTE<\/strong><\/p>\n\n\n\n<p><strong>Christophe Andr\u00e9, Alexandre Jollien Matthieu Ricard<\/strong> <em>Trois amis en qu\u00eate de sagesse<\/em> L\u2019iconoclaste<\/p>\n\n\n\n<p><strong>Albane Gell\u00e9<\/strong><em>Cher animal \u2013 Editions la rumeur libre<\/em><\/p>\n<\/div><\/div>\n<\/div><\/div>\n","protected":false},"excerpt":{"rendered":"<p>Sur mon chemin, j&rsquo;ai fait la connaissance de personnes tr\u00e8s inspirantes qui m&rsquo;ont apport\u00e9 de la joie, des enseignements, de l&rsquo;\u00e9merveillement, des id\u00e9es, des astuces, &hellip;<\/p>\n","protected":false},"author":1,"featured_media":0,"parent":0,"menu_order":0,"comment_status":"closed","ping_status":"closed","template":"","meta":{"om_disable_all_campaigns":false,"_uag_custom_page_level_css":"","footnotes":""},"class_list":["post-2266","page","type-page","status-publish","hentry"],"aioseo_notices":[],"uagb_featured_image_src":{"full":false,"thumbnail":false,"medium":false,"medium_large":false,"large":false,"1536x1536":false,"2048x2048":false,"post-thumbnail":false,"bravada-featured":false,"bravada-featured-lp":false,"bravada-featured-half":false,"bravada-featured-third":false,"bravada-lpbox-1":false,"bravada-lpbox-2":false},"uagb_author_info":{"display_name":"Maryline","author_link":"https:\/\/brancheenature.fr\/?author=1"},"uagb_comment_info":0,"uagb_excerpt":"Sur mon chemin, j&rsquo;ai fait la connaissance de personnes tr\u00e8s inspirantes qui m&rsquo;ont apport\u00e9 de la joie, des enseignements, de l&rsquo;\u00e9merveillement, des id\u00e9es, des astuces, &hellip;","_links":{"self":[{"href":"https:\/\/brancheenature.fr\/index.php?rest_route=\/wp\/v2\/pages\/2266","targetHints":{"allow":["GET"]}}],"collection":[{"href":"https:\/\/brancheenature.fr\/index.php?rest_route=\/wp\/v2\/pages"}],"about":[{"href":"https:\/\/brancheenature.fr\/index.php?rest_route=\/wp\/v2\/types\/page"}],"author":[{"embeddable":true,"href":"https:\/\/brancheenature.fr\/index.php?rest_route=\/wp\/v2\/users\/1"}],"replies":[{"embeddable":true,"href":"https:\/\/brancheenature.fr\/index.php?rest_route=%2Fwp%2Fv2%2Fcomments&post=2266"}],"version-history":[{"count":21,"href":"https:\/\/brancheenature.fr\/index.php?rest_route=\/wp\/v2\/pages\/2266\/revisions"}],"predecessor-version":[{"id":2869,"href":"https:\/\/brancheenature.fr\/index.php?rest_route=\/wp\/v2\/pages\/2266\/revisions\/2869"}],"wp:attachment":[{"href":"https:\/\/brancheenature.fr\/index.php?rest_route=%2Fwp%2Fv2%2Fmedia&parent=2266"}],"curies":[{"name":"wp","href":"https:\/\/api.w.org\/{rel}","templated":true}]}}