{"id":3311,"date":"2024-09-06T14:05:03","date_gmt":"2024-09-06T14:05:03","guid":{"rendered":"https:\/\/brancheenature.fr\/?page_id=3311"},"modified":"2026-01-23T09:01:17","modified_gmt":"2026-01-23T09:01:17","slug":"partenariats","status":"publish","type":"page","link":"https:\/\/brancheenature.fr\/?page_id=3311","title":{"rendered":"Au fil des rencontres"},"content":{"rendered":"\n<p>Les projets que je porte ne se construisent jamais seule.<br>Ils prennent racine dans la confiance, l\u2019\u00e9coute et l\u2019envie commune de faire autrement.<br>Je vous invite \u00e0 explorer ces collaborations, les t\u00e9moignages qui en \u00e9mergent et quelques publications.<\/p>\n\n\n\n<h3 class=\"wp-block-heading\">\ud83e\udd1d Ils me font confiance<\/h3>\n\n\n\n<div class=\"wp-block-uagb-buttons uagb-buttons__outer-wrap uagb-btn__default-btn uagb-btn-tablet__default-btn uagb-btn-mobile__default-btn uagb-block-0d91d57c\"><div class=\"uagb-buttons__wrap uagb-buttons-layout-wrap \">\n<div class=\"wp-block-uagb-buttons-child uagb-buttons__outer-wrap uagb-block-5a9a37e9 wp-block-button\"><div class=\"uagb-button__wrapper\"><a class=\"uagb-buttons-repeater wp-block-button__link\" aria-label=\"\" href=\"https:\/\/brancheenature.fr\/?page_id=2260\" rel=\"follow noopener\" target=\"_blank\" role=\"button\"><div class=\"uagb-button__link\">D\u00e9couvrir<\/div><\/a><\/div><\/div>\n<\/div><\/div>\n\n\n\n<h3 class=\"wp-block-heading\">\ud83d\udcdd Retours d&rsquo;exp\u00e9rience<\/h3>\n\n\n\n<div class=\"wp-block-uagb-buttons uagb-buttons__outer-wrap uagb-btn__default-btn uagb-btn-tablet__default-btn uagb-btn-mobile__default-btn uagb-block-b32750db\"><div class=\"uagb-buttons__wrap uagb-buttons-layout-wrap \">\n<div class=\"wp-block-uagb-buttons-child uagb-buttons__outer-wrap uagb-block-6e528fbf wp-block-button\"><div class=\"uagb-button__wrapper\"><a class=\"uagb-buttons-repeater wp-block-button__link\" aria-label=\"\" href=\"https:\/\/brancheenature.fr\/?page_id=2713\" rel=\"follow noopener\" target=\"_blank\" role=\"button\"><div class=\"uagb-button__link\">D\u00e9couvrir<\/div><\/a><\/div><\/div>\n<\/div><\/div>\n\n\n\n<h3 class=\"wp-block-heading\">\ud83d\uddde Publication<\/h3>\n\n\n\n<div class=\"wp-block-uagb-buttons uagb-buttons__outer-wrap uagb-btn__default-btn uagb-btn-tablet__default-btn uagb-btn-mobile__default-btn uagb-block-8666a13c\"><div class=\"uagb-buttons__wrap uagb-buttons-layout-wrap \">\n<div class=\"wp-block-uagb-buttons-child uagb-buttons__outer-wrap uagb-block-bdd4186d wp-block-button\"><div class=\"uagb-button__wrapper\"><a class=\"uagb-buttons-repeater wp-block-button__link\" aria-label=\"\" href=\"https:\/\/brancheenature.fr\/?page_id=3349\" rel=\"follow noopener\" target=\"_blank\" role=\"button\"><div class=\"uagb-button__link\">D\u00e9couvrir<\/div><\/a><\/div><\/div>\n<\/div><\/div>\n\n\n\n<p class=\"has-text-align-center has-accent-2-color has-text-color has-link-color has-large-font-size wp-elements-6c7abc6940ba75f6e6ae7e2cec944a79\"><\/p>\n\n\n<div class=\"wp-block-image\">\n<figure class=\"aligncenter size-large\"><img loading=\"lazy\" decoding=\"async\" width=\"1024\" height=\"768\" src=\"https:\/\/brancheenature.fr\/wp-content\/uploads\/2024\/09\/IMG_7723-1024x768.jpeg\" alt=\"\" class=\"wp-image-3317\" srcset=\"https:\/\/brancheenature.fr\/wp-content\/uploads\/2024\/09\/IMG_7723-1024x768.jpeg 1024w, https:\/\/brancheenature.fr\/wp-content\/uploads\/2024\/09\/IMG_7723-300x225.jpeg 300w, https:\/\/brancheenature.fr\/wp-content\/uploads\/2024\/09\/IMG_7723-768x576.jpeg 768w, https:\/\/brancheenature.fr\/wp-content\/uploads\/2024\/09\/IMG_7723-1536x1152.jpeg 1536w, https:\/\/brancheenature.fr\/wp-content\/uploads\/2024\/09\/IMG_7723-2048x1536.jpeg 2048w, https:\/\/brancheenature.fr\/wp-content\/uploads\/2024\/09\/IMG_7723-400x300.jpeg 400w\" sizes=\"auto, (max-width: 1024px) 100vw, 1024px\" \/><\/figure><\/div>\n\n\n<p>Photo Elisabeth Artiste<\/p>\n\n\n\n<p class=\"has-accent-2-color has-text-color has-link-color has-large-font-size wp-elements-e9cd0ccc5a806b72d4dc4736a54de84c\"><\/p>\n","protected":false},"excerpt":{"rendered":"<p>Les projets que je porte ne se construisent jamais seule.Ils prennent racine dans la confiance, l\u2019\u00e9coute et l\u2019envie commune de faire autrement.Je vous invite \u00e0 &hellip;<\/p>\n","protected":false},"author":1,"featured_media":0,"parent":0,"menu_order":0,"comment_status":"closed","ping_status":"closed","template":"","meta":{"om_disable_all_campaigns":false,"_uag_custom_page_level_css":"","footnotes":""},"class_list":["post-3311","page","type-page","status-publish","hentry"],"aioseo_notices":[],"uagb_featured_image_src":{"full":false,"thumbnail":false,"medium":false,"medium_large":false,"large":false,"1536x1536":false,"2048x2048":false,"post-thumbnail":false,"bravada-featured":false,"bravada-featured-lp":false,"bravada-featured-half":false,"bravada-featured-third":false,"bravada-lpbox-1":false,"bravada-lpbox-2":false},"uagb_author_info":{"display_name":"Maryline","author_link":"https:\/\/brancheenature.fr\/?author=1"},"uagb_comment_info":0,"uagb_excerpt":"Les projets que je porte ne se construisent jamais seule.Ils prennent racine dans la confiance, l\u2019\u00e9coute et l\u2019envie commune de faire autrement.Je vous invite \u00e0 &hellip;","_links":{"self":[{"href":"https:\/\/brancheenature.fr\/index.php?rest_route=\/wp\/v2\/pages\/3311","targetHints":{"allow":["GET"]}}],"collection":[{"href":"https:\/\/brancheenature.fr\/index.php?rest_route=\/wp\/v2\/pages"}],"about":[{"href":"https:\/\/brancheenature.fr\/index.php?rest_route=\/wp\/v2\/types\/page"}],"author":[{"embeddable":true,"href":"https:\/\/brancheenature.fr\/index.php?rest_route=\/wp\/v2\/users\/1"}],"replies":[{"embeddable":true,"href":"https:\/\/brancheenature.fr\/index.php?rest_route=%2Fwp%2Fv2%2Fcomments&post=3311"}],"version-history":[{"count":19,"href":"https:\/\/brancheenature.fr\/index.php?rest_route=\/wp\/v2\/pages\/3311\/revisions"}],"predecessor-version":[{"id":4004,"href":"https:\/\/brancheenature.fr\/index.php?rest_route=\/wp\/v2\/pages\/3311\/revisions\/4004"}],"wp:attachment":[{"href":"https:\/\/brancheenature.fr\/index.php?rest_route=%2Fwp%2Fv2%2Fmedia&parent=3311"}],"curies":[{"name":"wp","href":"https:\/\/api.w.org\/{rel}","templated":true}]}}