{"id":3847,"date":"2026-01-21T13:01:35","date_gmt":"2026-01-21T13:01:35","guid":{"rendered":"https:\/\/brancheenature.fr\/?page_id=3847"},"modified":"2026-01-21T13:01:36","modified_gmt":"2026-01-21T13:01:36","slug":"grandir-avec-la-nature","status":"publish","type":"page","link":"https:\/\/brancheenature.fr\/?page_id=3847","title":{"rendered":"Grandir avec la nature"},"content":{"rendered":"\n<p><strong>Temps d\u2019\u00e9change exp\u00e9rientiel en ext\u00e9rieur autour du d\u00e9veloppement de l\u2019enfant<\/strong><\/p>\n\n\n\n<p>Prendre le temps de sortir pour mieux r\u00e9fl\u00e9chir.<br>Vivre dehors pour mieux comprendre ce que la nature apporte aux enfants.<\/p>\n\n\n\n<p><strong>Grandir avec la nature<\/strong> est un temps d\u2019\u00e9change v\u00e9cu en ext\u00e9rieur, destin\u00e9 aux adultes \u2014 parents et professionnels \u2014 pour explorer les bienfaits du contact avec la nature sur le d\u00e9veloppement de l\u2019enfant, en passant par l\u2019exp\u00e9rience.<\/p>\n\n\n\n<p>\ud83c\udf3f<strong>Ce que je propose<\/strong><\/p>\n\n\n\n<p>Je propose un temps collectif, v\u00e9cu dehors, qui m\u00eale :<\/p>\n\n\n\n<ul class=\"wp-block-list\">\n<li>des propositions exp\u00e9rientielles simples en nature<\/li>\n\n\n\n<li>des temps d\u2019observation, de ressenti et de mise en mouvement<\/li>\n\n\n\n<li>des moments d\u2019\u00e9change et de parole entre adultes<\/li>\n\n\n\n<li>l\u2019appui sur l\u2019exposition <em>Allons Dehors<\/em> pour nourrir la r\u00e9flexion<\/li>\n<\/ul>\n\n\n\n<p>Le v\u00e9cu en ext\u00e9rieur devient un support pour penser, ressentir et partager autour des besoins fondamentaux des enfants et de leur d\u00e9veloppement.<\/p>\n\n\n\n<p>\ud83c\udf3f<strong>Pour qui <\/strong><\/p>\n\n\n\n<p>Ce temps s\u2019adresse :<\/p>\n\n\n\n<ul class=\"wp-block-list\">\n<li>aux parents<\/li>\n\n\n\n<li>aux professionnels de l\u2019enfance, de l\u2019\u00e9ducation, du social ou de la sant\u00e9<\/li>\n\n\n\n<li>aux structures, collectivit\u00e9s, associations et r\u00e9seaux professionnels<\/li>\n<\/ul>\n\n\n\n<p>Aucune connaissance pr\u00e9alable n\u2019est n\u00e9cessaire.<br>Chacun est invit\u00e9 \u00e0 venir avec son exp\u00e9rience, ses questionnements, son regard.<\/p>\n\n\n\n<p>\ud83c\udf3f<strong>Pourquoi vivre ces \u00e9changes dehors ?<\/strong><\/p>\n\n\n\n<p>Parler de la nature\u2026 en \u00e9tant dehors change profond\u00e9ment la mani\u00e8re d\u2019aborder le sujet.<\/p>\n\n\n\n<p>Le corps est engag\u00e9.<br>Les sensations sont pr\u00e9sentes.<br>Le cadre favorise l\u2019\u00e9coute, l\u2019apaisement et la qualit\u00e9 des \u00e9changes.<\/p>\n\n\n\n<p>Vivre ces temps en ext\u00e9rieur permet d\u2019exp\u00e9rimenter concr\u00e8tement ce dont il est question, et d\u2019ancrer les r\u00e9flexions dans le r\u00e9el.<\/p>\n\n\n\n<p>\ud83c\udf3f<strong>Une d\u00e9marche au service du lien et de la sant\u00e9<\/strong><\/p>\n\n\n\n<p>Ces temps d\u2019\u00e9change s\u2019inscrivent dans une d\u00e9marche de <strong>promotion de la sant\u00e9<\/strong>, en lien avec les enjeux de d\u00e9veloppement de l\u2019enfant, de sant\u00e9 mentale et de lien social.<\/p>\n\n\n\n<p>Ils peuvent \u00eatre propos\u00e9s dans le cadre de journ\u00e9es th\u00e9matiques, d\u2019\u00e9v\u00e9nements, ou de projets port\u00e9s par des acteurs du territoire, notamment lors de temps de sensibilisation ou de pr\u00e9vention.<\/p>\n\n\n\n<p>\ud83c\udf3f<strong>Ma posture d\u2019accompagnement<\/strong><\/p>\n\n\n\n<p>J\u2019accompagne ces temps avec une posture d\u2019\u00e9coute, de pr\u00e9sence et de neutralit\u00e9 bienveillante.<br>Je propose un cadre s\u00e9curisant, propice \u00e0 la parole et au partage d\u2019exp\u00e9riences.<\/p>\n\n\n\n<p>Il n\u2019y a pas de savoir \u00e0 transmettre de mani\u00e8re descendante, mais un espace pour croiser les regards, faire \u00e9merger des prises de conscience et nourrir la r\u00e9flexion collective.<\/p>\n\n\n\n<p>\ud83c\udf3f<strong>Informations pratiques<\/strong><\/p>\n\n\n\n<ul class=\"wp-block-list\">\n<li>Dur\u00e9e : 2 \u00e0 3 heures<\/li>\n\n\n\n<li>Lieux : \u00e0 la clairi\u00e8re (lieu priv\u00e9),  jardins, espaces naturels &#8230;  selon les projets<\/li>\n\n\n\n<li>Formats : groupes d\u2019adultes, parents, professionnels, structures<\/li>\n\n\n\n<li>Sur inscription ou sur demande, selon le contexte<\/li>\n<\/ul>\n\n\n\n<p>\ud83c\udf3f<strong>Une invitation<\/strong><\/p>\n\n\n\n<p>Ces temps d\u2019\u00e9change peuvent s\u2019adapter \u00e0 vos publics, \u00e0 vos enjeux et \u00e0 votre territoire.<br>Je serais heureuse d\u2019en discuter avec vous et d\u2019imaginer ensemble une proposition ajust\u00e9e. <a href=\"https:\/\/brancheenature.fr\/?page_id=1328\" target=\"_blank\" rel=\"noopener\" title=\"\">Contactez moi !<\/a><\/p>\n\n\n\n<div style=\"height:49px\" aria-hidden=\"true\" class=\"wp-block-spacer\"><\/div>\n\n\n\n<figure class=\"wp-block-gallery has-nested-images columns-default is-cropped wp-block-gallery-1 is-layout-flex wp-block-gallery-is-layout-flex\">\n<figure class=\"wp-block-image size-large\"><img loading=\"lazy\" decoding=\"async\" width=\"724\" height=\"1024\" data-id=\"3851\" src=\"https:\/\/brancheenature.fr\/wp-content\/uploads\/2026\/01\/IMG-20250224-WA0004-724x1024.jpg\" alt=\"\" class=\"wp-image-3851\" srcset=\"https:\/\/brancheenature.fr\/wp-content\/uploads\/2026\/01\/IMG-20250224-WA0004-724x1024.jpg 724w, https:\/\/brancheenature.fr\/wp-content\/uploads\/2026\/01\/IMG-20250224-WA0004-212x300.jpg 212w, https:\/\/brancheenature.fr\/wp-content\/uploads\/2026\/01\/IMG-20250224-WA0004-768x1086.jpg 768w, https:\/\/brancheenature.fr\/wp-content\/uploads\/2026\/01\/IMG-20250224-WA0004-1086x1536.jpg 1086w, https:\/\/brancheenature.fr\/wp-content\/uploads\/2026\/01\/IMG-20250224-WA0004.jpg 1131w\" sizes=\"auto, (max-width: 724px) 100vw, 724px\" \/><\/figure>\n\n\n\n<figure class=\"wp-block-image size-large\"><img loading=\"lazy\" decoding=\"async\" width=\"1024\" height=\"768\" data-id=\"3852\" src=\"https:\/\/brancheenature.fr\/wp-content\/uploads\/2026\/01\/IMG-20250329-WA0027-1024x768.jpg\" alt=\"\" class=\"wp-image-3852\" srcset=\"https:\/\/brancheenature.fr\/wp-content\/uploads\/2026\/01\/IMG-20250329-WA0027-1024x768.jpg 1024w, https:\/\/brancheenature.fr\/wp-content\/uploads\/2026\/01\/IMG-20250329-WA0027-300x225.jpg 300w, https:\/\/brancheenature.fr\/wp-content\/uploads\/2026\/01\/IMG-20250329-WA0027-768x576.jpg 768w, https:\/\/brancheenature.fr\/wp-content\/uploads\/2026\/01\/IMG-20250329-WA0027-1536x1152.jpg 1536w, https:\/\/brancheenature.fr\/wp-content\/uploads\/2026\/01\/IMG-20250329-WA0027-400x300.jpg 400w, https:\/\/brancheenature.fr\/wp-content\/uploads\/2026\/01\/IMG-20250329-WA0027.jpg 2000w\" sizes=\"auto, (max-width: 1024px) 100vw, 1024px\" \/><\/figure>\n<\/figure>\n\n\n\n<figure class=\"wp-block-gallery has-nested-images columns-default is-cropped wp-block-gallery-2 is-layout-flex wp-block-gallery-is-layout-flex\">\n<figure class=\"wp-block-image size-large\"><img loading=\"lazy\" decoding=\"async\" width=\"1024\" height=\"768\" data-id=\"3859\" src=\"https:\/\/brancheenature.fr\/wp-content\/uploads\/2026\/01\/20250329_104554-2-1024x768.jpg\" alt=\"\" class=\"wp-image-3859\" srcset=\"https:\/\/brancheenature.fr\/wp-content\/uploads\/2026\/01\/20250329_104554-2-1024x768.jpg 1024w, https:\/\/brancheenature.fr\/wp-content\/uploads\/2026\/01\/20250329_104554-2-300x225.jpg 300w, https:\/\/brancheenature.fr\/wp-content\/uploads\/2026\/01\/20250329_104554-2-768x576.jpg 768w, https:\/\/brancheenature.fr\/wp-content\/uploads\/2026\/01\/20250329_104554-2-1536x1152.jpg 1536w, https:\/\/brancheenature.fr\/wp-content\/uploads\/2026\/01\/20250329_104554-2-2048x1536.jpg 2048w, https:\/\/brancheenature.fr\/wp-content\/uploads\/2026\/01\/20250329_104554-2-400x300.jpg 400w\" sizes=\"auto, (max-width: 1024px) 100vw, 1024px\" \/><\/figure>\n\n\n\n<figure class=\"wp-block-image size-large\"><img loading=\"lazy\" decoding=\"async\" width=\"1024\" height=\"768\" data-id=\"3860\" src=\"https:\/\/brancheenature.fr\/wp-content\/uploads\/2026\/01\/20250329_111833-1024x768.jpg\" alt=\"\" class=\"wp-image-3860\" srcset=\"https:\/\/brancheenature.fr\/wp-content\/uploads\/2026\/01\/20250329_111833-1024x768.jpg 1024w, https:\/\/brancheenature.fr\/wp-content\/uploads\/2026\/01\/20250329_111833-300x225.jpg 300w, https:\/\/brancheenature.fr\/wp-content\/uploads\/2026\/01\/20250329_111833-768x576.jpg 768w, https:\/\/brancheenature.fr\/wp-content\/uploads\/2026\/01\/20250329_111833-1536x1152.jpg 1536w, https:\/\/brancheenature.fr\/wp-content\/uploads\/2026\/01\/20250329_111833-2048x1536.jpg 2048w, https:\/\/brancheenature.fr\/wp-content\/uploads\/2026\/01\/20250329_111833-400x300.jpg 400w\" sizes=\"auto, (max-width: 1024px) 100vw, 1024px\" \/><\/figure>\n\n\n\n<figure class=\"wp-block-image size-large\"><img loading=\"lazy\" decoding=\"async\" width=\"1024\" height=\"768\" data-id=\"3858\" src=\"https:\/\/brancheenature.fr\/wp-content\/uploads\/2026\/01\/IMG-20250329-WA0020-2-1024x768.jpg\" alt=\"\" class=\"wp-image-3858\" srcset=\"https:\/\/brancheenature.fr\/wp-content\/uploads\/2026\/01\/IMG-20250329-WA0020-2-1024x768.jpg 1024w, https:\/\/brancheenature.fr\/wp-content\/uploads\/2026\/01\/IMG-20250329-WA0020-2-300x225.jpg 300w, https:\/\/brancheenature.fr\/wp-content\/uploads\/2026\/01\/IMG-20250329-WA0020-2-768x576.jpg 768w, https:\/\/brancheenature.fr\/wp-content\/uploads\/2026\/01\/IMG-20250329-WA0020-2-1536x1152.jpg 1536w, https:\/\/brancheenature.fr\/wp-content\/uploads\/2026\/01\/IMG-20250329-WA0020-2-400x300.jpg 400w, https:\/\/brancheenature.fr\/wp-content\/uploads\/2026\/01\/IMG-20250329-WA0020-2.jpg 1600w\" sizes=\"auto, (max-width: 1024px) 100vw, 1024px\" \/><\/figure>\n<\/figure>\n","protected":false},"excerpt":{"rendered":"<p>Temps d\u2019\u00e9change exp\u00e9rientiel en ext\u00e9rieur autour du d\u00e9veloppement de l\u2019enfant Prendre le temps de sortir pour mieux r\u00e9fl\u00e9chir.Vivre dehors pour mieux comprendre ce que la &hellip;<\/p>\n","protected":false},"author":1,"featured_media":0,"parent":0,"menu_order":0,"comment_status":"closed","ping_status":"closed","template":"","meta":{"om_disable_all_campaigns":false,"_uag_custom_page_level_css":"","footnotes":""},"class_list":["post-3847","page","type-page","status-publish","hentry"],"aioseo_notices":[],"uagb_featured_image_src":{"full":false,"thumbnail":false,"medium":false,"medium_large":false,"large":false,"1536x1536":false,"2048x2048":false,"post-thumbnail":false,"bravada-featured":false,"bravada-featured-lp":false,"bravada-featured-half":false,"bravada-featured-third":false,"bravada-lpbox-1":false,"bravada-lpbox-2":false},"uagb_author_info":{"display_name":"Maryline","author_link":"https:\/\/brancheenature.fr\/?author=1"},"uagb_comment_info":0,"uagb_excerpt":"Temps d\u2019\u00e9change exp\u00e9rientiel en ext\u00e9rieur autour du d\u00e9veloppement de l\u2019enfant Prendre le temps de sortir pour mieux r\u00e9fl\u00e9chir.Vivre dehors pour mieux comprendre ce que la &hellip;","_links":{"self":[{"href":"https:\/\/brancheenature.fr\/index.php?rest_route=\/wp\/v2\/pages\/3847","targetHints":{"allow":["GET"]}}],"collection":[{"href":"https:\/\/brancheenature.fr\/index.php?rest_route=\/wp\/v2\/pages"}],"about":[{"href":"https:\/\/brancheenature.fr\/index.php?rest_route=\/wp\/v2\/types\/page"}],"author":[{"embeddable":true,"href":"https:\/\/brancheenature.fr\/index.php?rest_route=\/wp\/v2\/users\/1"}],"replies":[{"embeddable":true,"href":"https:\/\/brancheenature.fr\/index.php?rest_route=%2Fwp%2Fv2%2Fcomments&post=3847"}],"version-history":[{"count":6,"href":"https:\/\/brancheenature.fr\/index.php?rest_route=\/wp\/v2\/pages\/3847\/revisions"}],"predecessor-version":[{"id":3863,"href":"https:\/\/brancheenature.fr\/index.php?rest_route=\/wp\/v2\/pages\/3847\/revisions\/3863"}],"wp:attachment":[{"href":"https:\/\/brancheenature.fr\/index.php?rest_route=%2Fwp%2Fv2%2Fmedia&parent=3847"}],"curies":[{"name":"wp","href":"https:\/\/api.w.org\/{rel}","templated":true}]}}