{"id":3873,"date":"2026-01-21T13:00:25","date_gmt":"2026-01-21T13:00:25","guid":{"rendered":"https:\/\/brancheenature.fr\/?page_id=3873"},"modified":"2026-02-24T08:03:53","modified_gmt":"2026-02-24T08:03:53","slug":"accompagnement-individuel-immersion-jeunes","status":"publish","type":"page","link":"https:\/\/brancheenature.fr\/?page_id=3873","title":{"rendered":"Accompagnement individuel \u2013 Immersion Jeunes"},"content":{"rendered":"\n<p class=\"has-text-align-left has-headings-color has-text-color has-link-color wp-elements-430fd07cf126e59938d0f0de9282dc0b\"><strong>Se reconnecter \u00e0 soi et \u00e0 la nature sur plusieurs jours<\/strong><\/p>\n\n\n\n<p>Aujourd\u2019hui, une part de notre attention se fait voler par le bruit, les pressions scolaires ou professionnelles, l\u2019urgence, les \u00e9crans, le sensationnel.<\/p>\n\n\n\n<p>Dans ce contexte, de nombreux jeunes ressentent <strong>un besoin profond d\u2019\u00eatre \u00e9cout\u00e9s, entendus, accompagn\u00e9s<\/strong>. Beaucoup cherchent \u00e0 retrouver du sens, de la lenteur, et des espaces o\u00f9 l\u2019on ressort en se disant : <em>\u00ab wahou\u2026 que \u00e7a m\u2019a fait du bien \u00bb<\/em>.<\/p>\n\n\n\n<p>La nature est une pr\u00e9cieuse alli\u00e9e pour cela. Elle est v\u00e9rit\u00e9, authenticit\u00e9, simplicit\u00e9. Elle offre des cycles, des rythmes, des silences et des horizons qui permettent de revenir \u00e0 l\u2019essentiel, \u00e0 soi.<\/p>\n\n\n\n<p>J\u2019ai \u00e0 c\u0153ur d\u2019\u00eatre m\u00e9diatrice entre le jeune et la nature : proposer des exp\u00e9riences simples en apparence, accessibles, mais qui, seul, sont parfois difficiles \u00e0 s\u2019accorder. \u00catre l\u00e0, pr\u00e9sente, t\u00e9moin, pour \u00e9couter, soutenir, accompagner ce cheminement int\u00e9rieur, parfois ponctu\u00e9 de prises de conscience.<\/p>\n\n\n\n<p class=\"has-accent-2-color has-text-color has-link-color wp-elements-9513c2616bdedab0c47cca30601554ff\">\ud83c\udf3f<strong>Une intention forte<\/strong><\/p>\n\n\n\n<p>Offrir un espace s\u00fbr, vivant et ressour\u00e7ant, o\u00f9 chaque jeune peut se d\u00e9poser, respirer et se reconnecter \u00e0 ses sensations, \u00e0 son rythme.<\/p>\n\n\n\n<p>Prendre soin de soi dans la nature, c\u2019est aussi apprendre \u00e0 prendre soin du vivant. Marcher sans \u00e9craser, regarder sans saisir, attendre sans exiger, \u00e9couter sans remplir. Autant de gestes simples qui deviennent une v\u00e9ritable \u00e9cole de vie.<\/p>\n\n\n\n<p>Autour d\u2019un feu, en marchant en for\u00eat, face \u00e0 de larges horizons, ou dans le silence et l\u2019obscurit\u00e9 d\u2019une grotte, <strong>il se passe toujours quelque chose en soi<\/strong>\u2026 pour peu que l\u2019on s\u2019accorde ces espaces.<\/p>\n\n\n\n<p class=\"has-accent-2-color has-text-color has-link-color wp-elements-176464477be207d2daa1fd9a7d114341\">\ud83c\udf3f<strong>Ce que je propose<\/strong><\/p>\n\n\n\n<p>Ces parcours individuels invitent le jeune \u00e0 <strong>se d\u00e9poser, ressentir, explorer et cr\u00e9er<\/strong> dans la nature.<br>Au <strong>coin du feu<\/strong>, dans la <strong>clairi\u00e8re ou la for\u00eat<\/strong>, on se r\u00e9chauffe, on se d\u00e9couvre, on observe, on \u00e9coute, on cr\u00e9e\u2026<br>On se lib\u00e8re, on respire. On retrouve ses liens avec le vivant, avec la simplicit\u00e9 des choses, et <strong>d\u2019un coup, on se sent bien, sans trop savoir pourquoi\u2026<\/strong><\/p>\n\n\n\n<p>Chaque parcours est <strong>adapt\u00e9 au rythme du jeune<\/strong>, pour vivre pleinement la nature, exp\u00e9rimenter ses sensations et revenir \u00e0 soi avec curiosit\u00e9 et confiance.<\/p>\n\n\n\n<p class=\"has-text-align-left has-accent-2-color has-text-color has-link-color wp-elements-5d715bf65234d4da022b1c182c73568e\">\ud83c\udf3f<strong>Pour qui <\/strong><\/p>\n\n\n\n<ul class=\"wp-block-list\">\n<li>Jeunes de 16 \u00e0 &#8230; ans   <em>[ jusqu&rsquo;\u00e0 quel \u00e2ge sommes nous jeunes !?<\/em>]<\/li>\n\n\n\n<li>Sensibles, curieux, en qu\u00eate de calme, de rep\u00e8res et de sens<\/li>\n\n\n\n<li>Aucun pr\u00e9requis n\u00e9cessaire : juste l\u2019envie de <strong>se reconnecter \u00e0 soi et au vivant<\/strong><\/li>\n<\/ul>\n\n\n\n<p>Parents, si vous sentez votre enfant perdu, fatigu\u00e9 ou sous pression\u2026 Il a peut-\u00eatre simplement besoin d\u2019un vrai bol d\u2019air.<\/p>\n\n\n\n<p class=\"has-text-align-left has-accent-2-color has-text-color has-link-color wp-elements-7585aa719013a292f614c75ab5e442d3\">\ud83c\udf3f<strong>Pourquoi choisir ce parcours ?<\/strong><\/p>\n\n\n\n<ul class=\"wp-block-list\">\n<li><strong>Immersion individuelle<\/strong> : un moment \u00e0 son rythme, pour se ressourcer et se recentrer<\/li>\n\n\n\n<li><strong>D\u00e9connexion et respiration<\/strong> : temps de calme, cr\u00e9ativit\u00e9, observation, et d\u00e9tox num\u00e9rique<\/li>\n\n\n\n<li><strong>Connexion \u00e0 la nature et au vivant<\/strong> : \u00e9veil des sens, \u00e9merveillement et retour \u00e0 l\u2019essentiel<\/li>\n\n\n\n<li><strong>Souplesse et libert\u00e9<\/strong> : parcours adaptable, sur plusieurs jours, avec ou sans nuit\u00e9e<\/li>\n<\/ul>\n\n\n\n<p>Grandir en s\u2019int\u00e9ressant au vivant permet d\u2019<strong>appr\u00e9cier les choses simples <\/strong>et de renforcer <strong>sa capacit\u00e9 \u00e0 vivre en \u00e9quilibre.<\/strong><\/p>\n\n\n\n<p class=\"has-text-align-left has-accent-2-color has-text-color has-link-color wp-elements-5780d6047ad936230a5befc5b2888847\">\ud83c\udf3f<strong>Ma posture d\u2019accompagnement<\/strong><\/p>\n\n\n\n<p>Je ne guide pas seulement des pas. J\u2019aide \u00e0 ouvrir les yeux\u2026 et parfois \u00e0 rouvrir le c\u0153ur. <\/p>\n\n\n\n<p>Je suis <strong>pr\u00e9sente et \u00e0 l\u2019\u00e9coute<\/strong>, pour accompagner le jeune dans un cadre <strong>s\u00e9curisant, bienveillant et flexible<\/strong>.<br>J\u2019accompagne sans imposer, en respectant le rythme, les besoins et les \u00e9lans du jeune.<br>La nature devient un <strong>s<\/strong>upport vivant, une alli\u00e9e, <strong>un espace de silence et d\u2019\u00e9merveillement qui remet \u00e0 sa juste place, apaise et parfois r\u00e9pare.<\/strong><\/p>\n\n\n\n<p>Mon accompagnement s\u2019appuie sur mes exp\u00e9riences, mes formations et mes outils, que je relie pour fa\u00e7onner une approche singuli\u00e8re, profond\u00e9ment humaine.<\/p>\n\n\n\n<p class=\"has-text-align-left has-accent-2-color has-text-color has-link-color wp-elements-8f457b1205f3a26294851ee5d66dafac\">\ud83c\udf3f<strong>Informations pratiques<\/strong><\/p>\n\n\n\n<ul class=\"wp-block-list\">\n<li>Dur\u00e9e : parcours de plusieurs demi-journ\u00e9es de 3h environ<\/li>\n\n\n\n<li>Lieux : A la clairi\u00e8re du Pech, lieu priv\u00e9 \u00e0 Puycelsi -Tarn, puis sentier, for\u00eat, grotte, point de vue aux alentours&#8230;<\/li>\n\n\n\n<li>Format : exclusivement individuel<\/li>\n\n\n\n<li>Tarif : <em><strong>Le prix ne doit pas \u00eatre un frein.<\/strong> N\u2019h\u00e9sitez pas \u00e0 me <strong>consulter<\/strong>. <\/em>Il sera d\u00e9fini apr\u00e8s la phase pilote.<\/li>\n<\/ul>\n\n\n\n<p class=\"has-text-align-left has-accent-2-color has-text-color has-link-color wp-elements-87249f83951a7c6c1b9ecd48a80c28bb\">\ud83c\udf3f<strong>Une invitation<\/strong><\/p>\n\n\n\n<p>Je serais heureuse d\u2019\u00e9changer avec vous pour construire un <strong>parcours sur mesure<\/strong>, adapt\u00e9 aux besoins et au rythme du jeune. <a href=\"https:\/\/brancheenature.fr\/?page_id=1328\" target=\"_blank\" rel=\"noopener\" title=\"\">Contactez moi!<\/a><\/p>\n\n\n\n<p><strong><mark style=\"background-color:rgba(0, 0, 0, 0)\" class=\"has-inline-color has-accent-2-color\">Phase pilote \u2013 2026<\/mark><\/strong><\/p>\n\n\n\n<p><mark style=\"background-color:rgba(0, 0, 0, 0)\" class=\"has-inline-color has-accent-2-color\">Pour lancer cette proposition, je recherche <strong>1 \u00e0 2 jeunes volontaires<\/strong> pour une <strong>phase pilote<\/strong>.<br>Cette premi\u00e8re exp\u00e9rience est <strong>offerte<\/strong> et vise \u00e0 <strong>collecter des retours pr\u00e9cieux<\/strong>, pour ajuster l\u2019accompagnement et le rendre encore plus adapt\u00e9 aux besoins des jeunes.  Un <strong>retour d\u2019exp\u00e9rience<\/strong> sera propos\u00e9 en fin d\u2019accompagnement, sous une forme libre et respectueuse du v\u00e9cu de chacun. \ud83d\udc49 Si cette exp\u00e9rience vous parle, je serai heureuse d\u2019en discuter avec vous, \u00e0 votre rythme.<\/mark><\/p>\n\n\n\n<p><\/p>\n\n\n\n<p><\/p>\n\n\n<div class=\"wp-block-image\">\n<figure class=\"aligncenter size-large\"><img loading=\"lazy\" decoding=\"async\" width=\"724\" height=\"1024\" src=\"https:\/\/brancheenature.fr\/wp-content\/uploads\/2026\/02\/Affiche-Phase-Pilote-Acc.Individuel-1-724x1024.png\" alt=\"\" class=\"wp-image-4066\" srcset=\"https:\/\/brancheenature.fr\/wp-content\/uploads\/2026\/02\/Affiche-Phase-Pilote-Acc.Individuel-1-724x1024.png 724w, https:\/\/brancheenature.fr\/wp-content\/uploads\/2026\/02\/Affiche-Phase-Pilote-Acc.Individuel-1-212x300.png 212w, https:\/\/brancheenature.fr\/wp-content\/uploads\/2026\/02\/Affiche-Phase-Pilote-Acc.Individuel-1-768x1086.png 768w, https:\/\/brancheenature.fr\/wp-content\/uploads\/2026\/02\/Affiche-Phase-Pilote-Acc.Individuel-1-1086x1536.png 1086w, https:\/\/brancheenature.fr\/wp-content\/uploads\/2026\/02\/Affiche-Phase-Pilote-Acc.Individuel-1.png 1414w\" sizes=\"auto, (max-width: 724px) 100vw, 724px\" \/><\/figure><\/div>\n\n\n<figure class=\"wp-block-gallery has-nested-images columns-default is-cropped wp-block-gallery-1 is-layout-flex wp-block-gallery-is-layout-flex\"><\/figure>\n\n\n\n<p><\/p>\n","protected":false},"excerpt":{"rendered":"<p>Se reconnecter \u00e0 soi et \u00e0 la nature sur plusieurs jours Aujourd\u2019hui, une part de notre attention se fait voler par le bruit, les pressions &hellip;<\/p>\n","protected":false},"author":1,"featured_media":0,"parent":0,"menu_order":0,"comment_status":"closed","ping_status":"closed","template":"","meta":{"om_disable_all_campaigns":false,"_uag_custom_page_level_css":"","footnotes":""},"class_list":["post-3873","page","type-page","status-publish","hentry"],"aioseo_notices":[],"uagb_featured_image_src":{"full":false,"thumbnail":false,"medium":false,"medium_large":false,"large":false,"1536x1536":false,"2048x2048":false,"post-thumbnail":false,"bravada-featured":false,"bravada-featured-lp":false,"bravada-featured-half":false,"bravada-featured-third":false,"bravada-lpbox-1":false,"bravada-lpbox-2":false},"uagb_author_info":{"display_name":"Maryline","author_link":"https:\/\/brancheenature.fr\/?author=1"},"uagb_comment_info":0,"uagb_excerpt":"Se reconnecter \u00e0 soi et \u00e0 la nature sur plusieurs jours Aujourd\u2019hui, une part de notre attention se fait voler par le bruit, les pressions &hellip;","_links":{"self":[{"href":"https:\/\/brancheenature.fr\/index.php?rest_route=\/wp\/v2\/pages\/3873","targetHints":{"allow":["GET"]}}],"collection":[{"href":"https:\/\/brancheenature.fr\/index.php?rest_route=\/wp\/v2\/pages"}],"about":[{"href":"https:\/\/brancheenature.fr\/index.php?rest_route=\/wp\/v2\/types\/page"}],"author":[{"embeddable":true,"href":"https:\/\/brancheenature.fr\/index.php?rest_route=\/wp\/v2\/users\/1"}],"replies":[{"embeddable":true,"href":"https:\/\/brancheenature.fr\/index.php?rest_route=%2Fwp%2Fv2%2Fcomments&post=3873"}],"version-history":[{"count":17,"href":"https:\/\/brancheenature.fr\/index.php?rest_route=\/wp\/v2\/pages\/3873\/revisions"}],"predecessor-version":[{"id":4067,"href":"https:\/\/brancheenature.fr\/index.php?rest_route=\/wp\/v2\/pages\/3873\/revisions\/4067"}],"wp:attachment":[{"href":"https:\/\/brancheenature.fr\/index.php?rest_route=%2Fwp%2Fv2%2Fmedia&parent=3873"}],"curies":[{"name":"wp","href":"https:\/\/api.w.org\/{rel}","templated":true}]}}