{"id":3887,"date":"2026-01-21T13:02:16","date_gmt":"2026-01-21T13:02:16","guid":{"rendered":"https:\/\/brancheenature.fr\/?page_id=3887"},"modified":"2026-03-26T13:51:21","modified_gmt":"2026-03-26T13:51:21","slug":"stages","status":"publish","type":"page","link":"https:\/\/brancheenature.fr\/?page_id=3887","title":{"rendered":"Stages"},"content":{"rendered":"\n<p><strong>Co\u2011organis\u00e9s pour vivre la nature pleinement \u00e0 la clairi\u00e8re<\/strong><\/p>\n\n\n\n<p>Je co-organise des <strong>stages immersifs \u00e0 la clairi\u00e8re<\/strong>, un lieu o\u00f9 la nature devient un v\u00e9ritable <strong>support vivant<\/strong> pour se ressourcer, cr\u00e9er et revenir \u00e0 soi.<\/p>\n\n\n\n<p>Chaque stage est un <strong>temps unique<\/strong>, pens\u00e9 pour exp\u00e9rimenter, ralentir et se reconnecter \u00e0 la vie et au vivant. Que ce soit autour de la poterie, du modelage, ou simplement du ressourcement en pleine nature, l\u2019id\u00e9e est de <strong>vivre l\u2019instant, \u00e9veiller ses sens et nourrir sa curiosit\u00e9<\/strong>, dans un cadre <strong>s\u00e9curisant et bienveillant<\/strong>.<\/p>\n\n\n\n<p>Les stages se d\u00e9roulent <strong>en immersion \u00e0 la clairi\u00e8re<\/strong>, sur un week-end, avec <strong>nuit sous tente ou \u00e0 la belle \u00e9toile<\/strong>. Tous sont <strong>sur inscription<\/strong>, et vous pourrez retrouver les <strong>d\u00e9tails pratiques<\/strong> ci dessous. <\/p>\n\n\n\n<h3 class=\"wp-block-heading has-accent-2-color has-text-color has-link-color wp-elements-a1487135e039f1d765e15932d7e01654\">\ud83c\udf3fCalendrier des stages \u00e0 venir<\/h3>\n\n\n\n<div style=\"height:19px\" aria-hidden=\"true\" class=\"wp-block-spacer\"><\/div>\n\n\n\n<p><strong>Stage \u201cRessourcement et modelage\u201d<\/strong> <strong> les 9 et 10 Mai 2026<\/strong><\/p>\n\n\n\n<ul class=\"wp-block-list\">\n<li>En co animation avec Sophie, c\u00e9ramiste du village<\/li>\n\n\n\n<li>Week-end de 2 jours et 1 nuit \u00e0 la clairi\u00e8re<\/li>\n\n\n\n<li>Groupe de 5 \u00e0 6 personnes maximum<\/li>\n\n\n\n<li>300 \u20ac le stage<\/li>\n\n\n\n<li>Sur inscription<\/li>\n<\/ul>\n\n\n\n<div style=\"height:12px\" aria-hidden=\"true\" class=\"wp-block-spacer\"><\/div>\n\n\n\n<figure class=\"wp-block-image size-medium\"><img loading=\"lazy\" decoding=\"async\" width=\"300\" height=\"212\" src=\"https:\/\/brancheenature.fr\/wp-content\/uploads\/2026\/01\/Stage-Modelage-page-1-300x212.png\" alt=\"\" class=\"wp-image-3889\" srcset=\"https:\/\/brancheenature.fr\/wp-content\/uploads\/2026\/01\/Stage-Modelage-page-1-300x212.png 300w, https:\/\/brancheenature.fr\/wp-content\/uploads\/2026\/01\/Stage-Modelage-page-1-1024x724.png 1024w, https:\/\/brancheenature.fr\/wp-content\/uploads\/2026\/01\/Stage-Modelage-page-1-768x543.png 768w, https:\/\/brancheenature.fr\/wp-content\/uploads\/2026\/01\/Stage-Modelage-page-1-1536x1086.png 1536w, https:\/\/brancheenature.fr\/wp-content\/uploads\/2026\/01\/Stage-Modelage-page-1-421x298.png 421w, https:\/\/brancheenature.fr\/wp-content\/uploads\/2026\/01\/Stage-Modelage-page-1.png 2000w\" sizes=\"auto, (max-width: 300px) 100vw, 300px\" \/><\/figure>\n\n\n\n<figure class=\"wp-block-image size-medium\"><img loading=\"lazy\" decoding=\"async\" width=\"300\" height=\"212\" src=\"https:\/\/brancheenature.fr\/wp-content\/uploads\/2026\/01\/stage-modelage-page-2-300x212.png\" alt=\"\" class=\"wp-image-3890\" srcset=\"https:\/\/brancheenature.fr\/wp-content\/uploads\/2026\/01\/stage-modelage-page-2-300x212.png 300w, https:\/\/brancheenature.fr\/wp-content\/uploads\/2026\/01\/stage-modelage-page-2-1024x724.png 1024w, https:\/\/brancheenature.fr\/wp-content\/uploads\/2026\/01\/stage-modelage-page-2-768x543.png 768w, https:\/\/brancheenature.fr\/wp-content\/uploads\/2026\/01\/stage-modelage-page-2-1536x1086.png 1536w, https:\/\/brancheenature.fr\/wp-content\/uploads\/2026\/01\/stage-modelage-page-2-421x298.png 421w, https:\/\/brancheenature.fr\/wp-content\/uploads\/2026\/01\/stage-modelage-page-2.png 2000w\" sizes=\"auto, (max-width: 300px) 100vw, 300px\" \/><\/figure>\n\n\n\n<div style=\"height:27px\" aria-hidden=\"true\" class=\"wp-block-spacer\"><\/div>\n\n\n\n<p><a href=\"https:\/\/brancheenature.fr\/wp-content\/uploads\/2026\/01\/stage-modelage.pdf\" target=\"_blank\" rel=\"noopener\" title=\"\">T\u00e9l\u00e9charger le flyer complet (pdf<\/a>)<\/p>\n\n\n\n<div style=\"height:43px\" aria-hidden=\"true\" class=\"wp-block-spacer\"><\/div>\n\n\n\n<p><strong>Stage \u201cPoterie et cuisson primitive\u201d les 16 et 17 Mai 2026<\/strong><\/p>\n\n\n\n<ul class=\"wp-block-list\">\n<li>En co animation avec Sophie, c\u00e9ramiste du village <\/li>\n\n\n\n<li>Week-end de 2 jours \u00e0 la clairi\u00e8re<\/li>\n\n\n\n<li>Groupe de 5 \u00e0 6 personnes maximum<\/li>\n\n\n\n<li>Poterie, cuisson primitive et immersion nature<\/li>\n\n\n\n<li>300 \u20ac le stage<\/li>\n\n\n\n<li>Sur inscription <\/li>\n<\/ul>\n\n\n\n<div style=\"height:14px\" aria-hidden=\"true\" class=\"wp-block-spacer\"><\/div>\n\n\n\n<figure class=\"wp-block-image size-medium\"><img loading=\"lazy\" decoding=\"async\" width=\"300\" height=\"212\" src=\"https:\/\/brancheenature.fr\/wp-content\/uploads\/2026\/01\/stage-four-papier-page-1-300x212.png\" alt=\"\" class=\"wp-image-3891\" srcset=\"https:\/\/brancheenature.fr\/wp-content\/uploads\/2026\/01\/stage-four-papier-page-1-300x212.png 300w, https:\/\/brancheenature.fr\/wp-content\/uploads\/2026\/01\/stage-four-papier-page-1-1024x724.png 1024w, https:\/\/brancheenature.fr\/wp-content\/uploads\/2026\/01\/stage-four-papier-page-1-768x543.png 768w, https:\/\/brancheenature.fr\/wp-content\/uploads\/2026\/01\/stage-four-papier-page-1-1536x1086.png 1536w, https:\/\/brancheenature.fr\/wp-content\/uploads\/2026\/01\/stage-four-papier-page-1-421x298.png 421w, https:\/\/brancheenature.fr\/wp-content\/uploads\/2026\/01\/stage-four-papier-page-1.png 2000w\" sizes=\"auto, (max-width: 300px) 100vw, 300px\" \/><\/figure>\n\n\n\n<figure class=\"wp-block-image size-medium\"><img loading=\"lazy\" decoding=\"async\" width=\"300\" height=\"212\" src=\"https:\/\/brancheenature.fr\/wp-content\/uploads\/2026\/01\/stage-four-papier-page-2-300x212.png\" alt=\"\" class=\"wp-image-3892\" srcset=\"https:\/\/brancheenature.fr\/wp-content\/uploads\/2026\/01\/stage-four-papier-page-2-300x212.png 300w, https:\/\/brancheenature.fr\/wp-content\/uploads\/2026\/01\/stage-four-papier-page-2-1024x724.png 1024w, https:\/\/brancheenature.fr\/wp-content\/uploads\/2026\/01\/stage-four-papier-page-2-768x543.png 768w, https:\/\/brancheenature.fr\/wp-content\/uploads\/2026\/01\/stage-four-papier-page-2-1536x1086.png 1536w, https:\/\/brancheenature.fr\/wp-content\/uploads\/2026\/01\/stage-four-papier-page-2-421x298.png 421w, https:\/\/brancheenature.fr\/wp-content\/uploads\/2026\/01\/stage-four-papier-page-2.png 2000w\" sizes=\"auto, (max-width: 300px) 100vw, 300px\" \/><\/figure>\n\n\n\n<div style=\"height:30px\" aria-hidden=\"true\" class=\"wp-block-spacer\"><\/div>\n\n\n\n<p><a href=\"https:\/\/brancheenature.fr\/wp-content\/uploads\/2026\/01\/stage-cuisson.pdf\" target=\"_blank\" rel=\"noopener\" title=\"\">T\u00e9l\u00e9charger le flyer complet (pdf<\/a>)<\/p>\n\n\n\n<p>STAGES PASSES<\/p>\n\n\n\n<p><strong>Week-end immersion pour femmes<\/strong> <strong>les 6, 7 et 8 Mars 2026<\/strong><\/p>\n\n\n\n<ul class=\"wp-block-list\">\n<li>En co animation avec Alicia <\/li>\n\n\n\n<li>3 jours et 2 nuits \u00e0 la clairi\u00e8re<\/li>\n\n\n\n<li>Immersion en nature et moments de ressourcement, Vie dehors, Cr\u00e9ation et Expression<\/li>\n\n\n\n<li>Sur inscription, groupe de 8 \u00e0 10 femmes maximum.<\/li>\n\n\n\n<li>Tarif bas\u00e9 sur la confiance : minimum 250 \u20ac. Celles qui le souhaitent peuvent contribuer davantage, selon leurs moyens et ce que cette exp\u00e9rience leur apporte.<\/li>\n<\/ul>\n\n\n\n<div style=\"height:28px\" aria-hidden=\"true\" class=\"wp-block-spacer\"><\/div>\n\n\n\n<div class=\"wp-block-media-text is-stacked-on-mobile\"><figure class=\"wp-block-media-text__media\"><img loading=\"lazy\" decoding=\"async\" width=\"819\" height=\"1024\" src=\"https:\/\/brancheenature.fr\/wp-content\/uploads\/2026\/02\/affiche-immersion-819x1024.png\" alt=\"\" class=\"wp-image-4046 size-full\" srcset=\"https:\/\/brancheenature.fr\/wp-content\/uploads\/2026\/02\/affiche-immersion-819x1024.png 819w, https:\/\/brancheenature.fr\/wp-content\/uploads\/2026\/02\/affiche-immersion-240x300.png 240w, https:\/\/brancheenature.fr\/wp-content\/uploads\/2026\/02\/affiche-immersion-768x960.png 768w, https:\/\/brancheenature.fr\/wp-content\/uploads\/2026\/02\/affiche-immersion.png 1080w\" sizes=\"auto, (max-width: 819px) 100vw, 819px\" \/><\/figure><div class=\"wp-block-media-text__content\">\n<p><\/p>\n\n\n\n<p><\/p>\n\n\n\n<p>Retrouvez des infos aussi sur Instagram, page <a href=\"https:\/\/www.instagram.com\/brancheenature\/\" target=\"_blank\" rel=\"noopener\" title=\"\">brancheenature<\/a> ou <a href=\"https:\/\/www.instagram.com\/jardindesemotions\/\" target=\"_blank\" rel=\"noopener\" title=\"\">jardindesemotions<\/a><\/p>\n\n\n\n<p>N&rsquo;h\u00e9sitez pas \u00e0 <a href=\"https:\/\/brancheenature.fr\/?page_id=1328\" target=\"_blank\" rel=\"noopener\" title=\"\">me contacter directement <\/a> si vous n&rsquo;acc\u00e9dez pas au d\u00e9tail des informations.<\/p>\n<\/div><\/div>\n","protected":false},"excerpt":{"rendered":"<p>Co\u2011organis\u00e9s pour vivre la nature pleinement \u00e0 la clairi\u00e8re Je co-organise des stages immersifs \u00e0 la clairi\u00e8re, un lieu o\u00f9 la nature devient un v\u00e9ritable &hellip;<\/p>\n","protected":false},"author":1,"featured_media":0,"parent":0,"menu_order":0,"comment_status":"closed","ping_status":"closed","template":"","meta":{"om_disable_all_campaigns":false,"_uag_custom_page_level_css":"","footnotes":""},"class_list":["post-3887","page","type-page","status-publish","hentry"],"aioseo_notices":[],"uagb_featured_image_src":{"full":false,"thumbnail":false,"medium":false,"medium_large":false,"large":false,"1536x1536":false,"2048x2048":false,"post-thumbnail":false,"bravada-featured":false,"bravada-featured-lp":false,"bravada-featured-half":false,"bravada-featured-third":false,"bravada-lpbox-1":false,"bravada-lpbox-2":false},"uagb_author_info":{"display_name":"Maryline","author_link":"https:\/\/brancheenature.fr\/?author=1"},"uagb_comment_info":0,"uagb_excerpt":"Co\u2011organis\u00e9s pour vivre la nature pleinement \u00e0 la clairi\u00e8re Je co-organise des stages immersifs \u00e0 la clairi\u00e8re, un lieu o\u00f9 la nature devient un v\u00e9ritable &hellip;","_links":{"self":[{"href":"https:\/\/brancheenature.fr\/index.php?rest_route=\/wp\/v2\/pages\/3887","targetHints":{"allow":["GET"]}}],"collection":[{"href":"https:\/\/brancheenature.fr\/index.php?rest_route=\/wp\/v2\/pages"}],"about":[{"href":"https:\/\/brancheenature.fr\/index.php?rest_route=\/wp\/v2\/types\/page"}],"author":[{"embeddable":true,"href":"https:\/\/brancheenature.fr\/index.php?rest_route=\/wp\/v2\/users\/1"}],"replies":[{"embeddable":true,"href":"https:\/\/brancheenature.fr\/index.php?rest_route=%2Fwp%2Fv2%2Fcomments&post=3887"}],"version-history":[{"count":22,"href":"https:\/\/brancheenature.fr\/index.php?rest_route=\/wp\/v2\/pages\/3887\/revisions"}],"predecessor-version":[{"id":4075,"href":"https:\/\/brancheenature.fr\/index.php?rest_route=\/wp\/v2\/pages\/3887\/revisions\/4075"}],"wp:attachment":[{"href":"https:\/\/brancheenature.fr\/index.php?rest_route=%2Fwp%2Fv2%2Fmedia&parent=3887"}],"curies":[{"name":"wp","href":"https:\/\/api.w.org\/{rel}","templated":true}]}}