{"id":3898,"date":"2026-01-21T13:01:16","date_gmt":"2026-01-21T13:01:16","guid":{"rendered":"https:\/\/brancheenature.fr\/?page_id=3898"},"modified":"2026-01-21T13:01:17","modified_gmt":"2026-01-21T13:01:17","slug":"et-si-on-creait-ensemble","status":"publish","type":"page","link":"https:\/\/brancheenature.fr\/?page_id=3898","title":{"rendered":"Et si on cr\u00e9ait ensemble ?"},"content":{"rendered":"\n<h3 class=\"wp-block-heading\">Des projets sur-mesure, pour petits et grands<\/h3>\n\n\n\n<p>Au-del\u00e0 de mes offres pr\u00e9sent\u00e9s sur le site, je suis <strong>ouverte \u00e0 imaginer et co-construire des projets<\/strong>, adapt\u00e9s aux besoins, aux envies et aux rythmes de chacun.<\/p>\n\n\n\n<p>Que vous soyez un professionnel, une structure, une association, ou simplement un particulier curieux, je vous propose un <strong>espace de collaboration et d\u2019exp\u00e9rimentation<\/strong>, o\u00f9 nous pouvons r\u00e9fl\u00e9chir ensemble \u00e0 ce qui serait le plus pertinent : ateliers, parcours immersifs, stages ou parenth\u00e8ses nature, <strong>tout est possible<\/strong>.<\/p>\n\n\n\n<p>J\u2019aime \u00e9couter, comprendre, imaginer et proposer <strong>des formats sur-mesure<\/strong>, toujours dans le respect du vivant, de la sensibilit\u00e9 et du rythme de chacun. Ici, il ne s\u2019agit pas de choisir dans un catalogue, mais de <strong>cr\u00e9er une exp\u00e9rience unique, ensemble<\/strong>.<\/p>\n\n\n\n<h3 class=\"wp-block-heading\">Quelques pistes\u2026 mais tout peut \u00e9voluer :<\/h3>\n\n\n\n<ul class=\"wp-block-list\">\n<li>Des ateliers ou parcours personnalis\u00e9s pour enfants, adolescents ou adultes<\/li>\n\n\n\n<li>Des interventions en nature pour des groupes ou institutions<\/li>\n\n\n\n<li>Des moments de ressourcement, d\u2019exp\u00e9rimentation sensorielle, de cr\u00e9ativit\u00e9<\/li>\n\n\n\n<li>Des projets qui m\u00e9langent nature, art, po\u00e9sie, narration ou tout autre support inspirant<\/li>\n<\/ul>\n\n\n\n<p>Si cette page vous inspire, si vous avez <strong>une id\u00e9e \u00e0 explorer, un projet \u00e0 imaginer<\/strong>, je serai ravie d\u2019en discuter et de <strong>co-cr\u00e9er avec vous un moment unique<\/strong>.<\/p>\n\n\n\n<blockquote class=\"wp-block-quote is-layout-flow wp-block-quote-is-layout-flow\">\n<p><strong>Ici, pas de limite au possible, juste une envie de connecter, partager et inventer ensemble.<\/strong> <\/p>\n\n\n\n<figure class=\"wp-block-image size-large\"><img loading=\"lazy\" decoding=\"async\" width=\"1024\" height=\"768\" src=\"https:\/\/brancheenature.fr\/wp-content\/uploads\/2026\/01\/IMG_7923-1024x768.jpeg\" alt=\"\" class=\"wp-image-3899\" srcset=\"https:\/\/brancheenature.fr\/wp-content\/uploads\/2026\/01\/IMG_7923-1024x768.jpeg 1024w, https:\/\/brancheenature.fr\/wp-content\/uploads\/2026\/01\/IMG_7923-300x225.jpeg 300w, https:\/\/brancheenature.fr\/wp-content\/uploads\/2026\/01\/IMG_7923-768x576.jpeg 768w, https:\/\/brancheenature.fr\/wp-content\/uploads\/2026\/01\/IMG_7923-1536x1152.jpeg 1536w, https:\/\/brancheenature.fr\/wp-content\/uploads\/2026\/01\/IMG_7923-2048x1536.jpeg 2048w, https:\/\/brancheenature.fr\/wp-content\/uploads\/2026\/01\/IMG_7923-400x300.jpeg 400w\" sizes=\"auto, (max-width: 1024px) 100vw, 1024px\" \/><\/figure>\n<\/blockquote>\n","protected":false},"excerpt":{"rendered":"<p>Des projets sur-mesure, pour petits et grands Au-del\u00e0 de mes offres pr\u00e9sent\u00e9s sur le site, je suis ouverte \u00e0 imaginer et co-construire des projets, adapt\u00e9s &hellip;<\/p>\n","protected":false},"author":1,"featured_media":0,"parent":0,"menu_order":0,"comment_status":"closed","ping_status":"closed","template":"","meta":{"om_disable_all_campaigns":false,"_uag_custom_page_level_css":"","footnotes":""},"class_list":["post-3898","page","type-page","status-publish","hentry"],"aioseo_notices":[],"uagb_featured_image_src":{"full":false,"thumbnail":false,"medium":false,"medium_large":false,"large":false,"1536x1536":false,"2048x2048":false,"post-thumbnail":false,"bravada-featured":false,"bravada-featured-lp":false,"bravada-featured-half":false,"bravada-featured-third":false,"bravada-lpbox-1":false,"bravada-lpbox-2":false},"uagb_author_info":{"display_name":"Maryline","author_link":"https:\/\/brancheenature.fr\/?author=1"},"uagb_comment_info":0,"uagb_excerpt":"Des projets sur-mesure, pour petits et grands Au-del\u00e0 de mes offres pr\u00e9sent\u00e9s sur le site, je suis ouverte \u00e0 imaginer et co-construire des projets, adapt\u00e9s &hellip;","_links":{"self":[{"href":"https:\/\/brancheenature.fr\/index.php?rest_route=\/wp\/v2\/pages\/3898","targetHints":{"allow":["GET"]}}],"collection":[{"href":"https:\/\/brancheenature.fr\/index.php?rest_route=\/wp\/v2\/pages"}],"about":[{"href":"https:\/\/brancheenature.fr\/index.php?rest_route=\/wp\/v2\/types\/page"}],"author":[{"embeddable":true,"href":"https:\/\/brancheenature.fr\/index.php?rest_route=\/wp\/v2\/users\/1"}],"replies":[{"embeddable":true,"href":"https:\/\/brancheenature.fr\/index.php?rest_route=%2Fwp%2Fv2%2Fcomments&post=3898"}],"version-history":[{"count":1,"href":"https:\/\/brancheenature.fr\/index.php?rest_route=\/wp\/v2\/pages\/3898\/revisions"}],"predecessor-version":[{"id":3900,"href":"https:\/\/brancheenature.fr\/index.php?rest_route=\/wp\/v2\/pages\/3898\/revisions\/3900"}],"wp:attachment":[{"href":"https:\/\/brancheenature.fr\/index.php?rest_route=%2Fwp%2Fv2%2Fmedia&parent=3898"}],"curies":[{"name":"wp","href":"https:\/\/api.w.org\/{rel}","templated":true}]}}